{"id":1163,"date":"2024-03-25T11:27:44","date_gmt":"2024-03-25T11:27:44","guid":{"rendered":"https:\/\/www.eloun.cz\/?page_id=1163"},"modified":"2024-03-25T18:08:17","modified_gmt":"2024-03-25T18:08:17","slug":"prostrednicek-pro-predavani-dokladu-emailem","status":"publish","type":"page","link":"https:\/\/www.eloun.cz\/?page_id=1163","title":{"rendered":"Prost\u0159edn\u00ed\u010dek &#8211; pro p\u0159ed\u00e1v\u00e1n\u00ed doklad\u016f emailem"},"content":{"rendered":"<div  class='flex_column av-hhb7v-9b0cba5166515179c971a52ac92019f3 av_one_fourth  avia-builder-el-0  el_before_av_three_fourth  avia-builder-el-first  first flex_column_div  '     ><div  class='avia-builder-widget-area clearfix  avia-builder-el-1  avia-builder-el-no-sibling '><section id=\"nav_menu-3\" class=\"widget clearfix widget_nav_menu\"><div class=\"menu-submenu-container\"><ul id=\"menu-submenu\" class=\"menu\"><li id=\"menu-item-1169\" class=\"menu-item menu-item-type-post_type menu-item-object-page menu-item-1169\"><a href=\"https:\/\/www.eloun.cz\/?page_id=1163\">Prost\u0159edn\u00ed\u010dek \u2013 pro p\u0159ed\u00e1v\u00e1n\u00ed doklad\u016f emailem<\/a><\/li>\n<li id=\"menu-item-1187\" class=\"menu-item menu-item-type-post_type menu-item-object-page menu-item-1187\"><a href=\"https:\/\/www.eloun.cz\/?page_id=1183\">Jak za\u010d\u00edt s Docare<\/a><\/li>\n<li id=\"menu-item-1228\" class=\"menu-item menu-item-type-post_type menu-item-object-page menu-item-1228\"><a href=\"https:\/\/www.eloun.cz\/?page_id=1198\">Stru\u010dn\u00fd pr\u016fvodce syst\u00e9mem<\/a><\/li>\n<li id=\"menu-item-1229\" class=\"menu-item menu-item-type-post_type menu-item-object-page menu-item-1229\"><a href=\"https:\/\/www.eloun.cz\/?page_id=1200\">Registrace \u00fa\u010detn\u00ed (p\u0159\u00edjemce doklad\u016f)<\/a><\/li>\n<li id=\"menu-item-1230\" class=\"menu-item menu-item-type-post_type menu-item-object-page menu-item-1230\"><a href=\"https:\/\/www.eloun.cz\/?page_id=1202\">Zalo\u017een\u00ed a p\u0159izv\u00e1n\u00ed podnikatele<\/a><\/li>\n<li id=\"menu-item-1231\" class=\"menu-item menu-item-type-post_type menu-item-object-page menu-item-1231\"><a href=\"https:\/\/www.eloun.cz\/?page_id=1206\">Pou\u017e\u00edv\u00e1n\u00ed mobiln\u00ed aplikace podnikatelem (odes\u00edlatel doklad\u016f)<\/a><\/li>\n<li id=\"menu-item-1232\" class=\"menu-item menu-item-type-post_type menu-item-object-page menu-item-1232\"><a href=\"https:\/\/www.eloun.cz\/?page_id=1219\">Zpracov\u00e1v\u00e1n\u00ed p\u0159ijat\u00fdch doklad\u016f<\/a><\/li>\n<li id=\"menu-item-1233\" class=\"menu-item menu-item-type-post_type menu-item-object-page menu-item-1233\"><a href=\"https:\/\/www.eloun.cz\/?page_id=1224\">Dal\u0161\u00ed mo\u017enosti syst\u00e9mu Docare a aplikace PORTEER<\/a><\/li>\n<li id=\"menu-item-1234\" class=\"menu-item menu-item-type-post_type menu-item-object-page menu-item-1234\"><a href=\"https:\/\/www.eloun.cz\/?page_id=1226\">P\u0159edplatn\u00e9 a zku\u0161ebn\u00ed doba<\/a><\/li>\n<\/ul><\/div><span class=\"seperator extralight-border\"><\/span><\/section><\/div><\/div>\n<div  class='flex_column av-23ypyz-4f8c16ec9a84fe1c872da96a705e7508 av_three_fourth  avia-builder-el-2  el_after_av_one_fourth  avia-builder-el-last  flex_column_div  '     ><p>\n<style type=\"text\/css\" data-created_by=\"avia_inline_auto\" id=\"style-css-av-lu6v4a7e-a6829822bcfb60ba2775895b5e8f7e6f\">\n#top .av-special-heading.av-lu6v4a7e-a6829822bcfb60ba2775895b5e8f7e6f{\npadding-bottom:10px;\n}\nbody .av-special-heading.av-lu6v4a7e-a6829822bcfb60ba2775895b5e8f7e6f .av-special-heading-tag .heading-char{\nfont-size:25px;\n}\n.av-special-heading.av-lu6v4a7e-a6829822bcfb60ba2775895b5e8f7e6f .av-subheading{\nfont-size:15px;\n}\n<\/style>\n<div  class='av-special-heading av-lu6v4a7e-a6829822bcfb60ba2775895b5e8f7e6f av-special-heading-h3 blockquote modern-quote  avia-builder-el-3  el_before_av_textblock  avia-builder-el-first '><h3 class='av-special-heading-tag'  itemprop=\"headline\"  >Prost\u0159edn\u00ed\u010dek &#8211; pro p\u0159ed\u00e1v\u00e1n\u00ed doklad\u016f emailem<\/h3><div class=\"special-heading-border\"><div class=\"special-heading-inner-border\"><\/div><\/div><\/div><br \/>\n<section  class='av_textblock_section av-lu6v3wrc-12edc0e242871392455c5dc113a5512b '   itemscope=\"itemscope\" itemtype=\"https:\/\/schema.org\/CreativeWork\" ><div class='avia_textblock'  itemprop=\"text\" ><p>Pos\u00edl\u00e1te ka\u017edou fakturu sv\u00e9 \u00fa\u010detn\u00ed pr\u016fb\u011b\u017en\u011b emailem? A je za to r\u00e1da? Uka\u017ete j\u00ed n\u00e1\u0161 <strong>Prost\u0159edn\u00ed\u010dek<\/strong> a je\u0161t\u011b V\u00e1m za to pod\u011bkuje.<\/p>\n<\/div><\/section><br \/>\n\n<style type=\"text\/css\" data-created_by=\"avia_inline_auto\" id=\"style-css-av-lu6vu5xr-7766b2023258be2df73c6164b83cd93a\">\n.avia-image-container.av-lu6vu5xr-7766b2023258be2df73c6164b83cd93a img.avia_image{\nbox-shadow:none;\n}\n.avia-image-container.av-lu6vu5xr-7766b2023258be2df73c6164b83cd93a .av-image-caption-overlay-center{\ncolor:#ffffff;\n}\n<\/style>\n<div  class='avia-image-container av-lu6vu5xr-7766b2023258be2df73c6164b83cd93a av-styling- avia-align-center  avia-builder-el-5  el_after_av_textblock  el_before_av_textblock '   itemprop=\"image\" itemscope=\"itemscope\" itemtype=\"https:\/\/schema.org\/ImageObject\" ><div class=\"avia-image-container-inner\"><div class=\"avia-image-overlay-wrap\"><img decoding=\"async\" fetchpriority=\"high\" class='wp-image-1140 avia-img-lazy-loading-not-1140 avia_image ' src=\"https:\/\/www.eloun.cz\/wp-content\/uploads\/2024\/03\/ucetni-300x300.png\" alt='' title='ucetni'  height=\"300\" width=\"300\"  itemprop=\"thumbnailUrl\" srcset=\"https:\/\/www.eloun.cz\/wp-content\/uploads\/2024\/03\/ucetni-300x300.png 300w, https:\/\/www.eloun.cz\/wp-content\/uploads\/2024\/03\/ucetni-80x80.png 80w, https:\/\/www.eloun.cz\/wp-content\/uploads\/2024\/03\/ucetni-36x36.png 36w, https:\/\/www.eloun.cz\/wp-content\/uploads\/2024\/03\/ucetni-180x180.png 180w, https:\/\/www.eloun.cz\/wp-content\/uploads\/2024\/03\/ucetni.png 500w\" sizes=\"(max-width: 300px) 100vw, 300px\" \/><\/div><\/div><\/div><br \/>\n<section  class='av_textblock_section av-lu6vvhyj-55a7cdb13e954ca719f428fed2dd1fb1 '   itemscope=\"itemscope\" itemtype=\"https:\/\/schema.org\/CreativeWork\" ><div class='avia_textblock'  itemprop=\"text\" ><p>Pos\u00edl\u00e1te ka\u017edou fakturu sv\u00e9 \u00fa\u010detn\u00ed pr\u016fb\u011b\u017en\u011b emailem? A je za to r\u00e1da? Uka\u017ete j\u00ed n\u00e1\u0161 <strong>Prost\u0159edn\u00ed\u010dek<\/strong> a je\u0161t\u011b V\u00e1m za to pod\u011bkuje.<\/p>\n<p>Pokud V\u00e1m p\u0159ijde da\u0148ov\u00fd doklad emailem, nap\u0159\u00edklad z e-shopu, jednodu\u0161e ho p\u0159epo\u0161lete do na\u0161\u00ed aplikace Prost\u0159edn\u00ed\u010dek, kter\u00e1 se star\u00e1 o p\u0159\u00edchoz\u00ed emaily. Prost\u0159edn\u00ed\u010dek doklady rozt\u0159\u00edd\u00ed mezi p\u0159\u00edslu\u0161n\u00e9 podnikatelsk\u00e9 subjekty a p\u0159ed\u00e1 je do syst\u00e9mu k dal\u0161\u00edmu zpracov\u00e1n\u00ed stejn\u011b, jako doklady naskenovan\u00e9 a poslan\u00e9 z na\u0161\u00ed <a href=\"https:\/\/www.eloun.cz\/?page_id=1206\">mobiln\u00ed aplikace COUREER<\/a>.<\/p>\n<p>Aplikace <strong>Prost\u0159edn\u00ed\u010dek<\/strong> aktu\u00e1ln\u011b um\u00ed zpracovat p\u0159\u00edlohy ve form\u00e1tu PDF.<\/p>\n<\/div><\/section><br \/>\n\n<style type=\"text\/css\" data-created_by=\"avia_inline_auto\" id=\"style-css-av-lu6vxd77-6cec531eb859c7f8e96b210056c59624\">\n#top .av-special-heading.av-lu6vxd77-6cec531eb859c7f8e96b210056c59624{\npadding-bottom:10px;\n}\nbody .av-special-heading.av-lu6vxd77-6cec531eb859c7f8e96b210056c59624 .av-special-heading-tag .heading-char{\nfont-size:25px;\n}\n.av-special-heading.av-lu6vxd77-6cec531eb859c7f8e96b210056c59624 .av-subheading{\nfont-size:15px;\n}\n<\/style>\n<div  class='av-special-heading av-lu6vxd77-6cec531eb859c7f8e96b210056c59624 av-special-heading-h4 blockquote modern-quote  avia-builder-el-7  el_after_av_textblock  el_before_av_textblock '><h4 class='av-special-heading-tag'  itemprop=\"headline\"  >Jak to funguje?<\/h4><div class=\"special-heading-border\"><div class=\"special-heading-inner-border\"><\/div><\/div><\/div><br \/>\n<section  class='av_textblock_section av-lu6vw70o-04b0dfc257305bf50402464faadc8f0d '   itemscope=\"itemscope\" itemtype=\"https:\/\/schema.org\/CreativeWork\" ><div class='avia_textblock'  itemprop=\"text\" ><p>Ka\u017ed\u00fd subjekt z\u00edsk\u00e1 p\u0159i registraci emailovou adresu ve tvaru <strong>{I\u010cOsubjektu}@prostrednicek.cz<\/strong>, kde {I\u010cOsubjektu} nahrad\u00ed sv\u00fdm skute\u010dn\u00fdm I\u010cem, pou\u017eit\u00fdm p\u0159i registraci. Doporu\u010dujeme proto, abyste si zkontrolovali spr\u00e1vnost zadan\u00e9ho I\u010ca p\u0159edt\u00edm, ne\u017e potvrd\u00edte jeho ulo\u017een\u00ed. Nap\u0159\u00edklad, pro subjekt s I\u010cem 12345678 vznikne emailov\u00e1 adresa <strong>12345678@prostrednicek.cz<\/strong>. Na tuto adresu pak budete p\u0159epos\u00edlat v\u0161echny zpr\u00e1vy, obsahuj\u00edc\u00ed p\u0159\u00edlohu s fakturou. Tyto doklady se \u00fa\u010detn\u00ed zobraz\u00ed v <a href=\"https:\/\/www.eloun.cz\/?page_id=1200\">aplikaci PORTEER<\/a>, spole\u010dn\u011b s ostatn\u00edmi naskenovan\u00fdmi doklady, zaslan\u00fdmi mobiln\u00ed aplikac\u00ed.<\/p>\n<p>N\u00e1\u0161 <strong>Prost\u0159edn\u00ed\u010dek<\/strong> m\u00e1 za \u00fakol zlep\u0161it komunikaci podnikatele s \u00fa\u010detn\u00ed. V\u011b\u0159\u00edme, \u017ee jeho snahu ocen\u00edte.<\/p>\n<\/div><\/section><\/p><\/div>\n","protected":false},"excerpt":{"rendered":"","protected":false},"author":1,"featured_media":0,"parent":0,"menu_order":0,"comment_status":"closed","ping_status":"closed","template":"","meta":{"footnotes":""},"class_list":["post-1163","page","type-page","status-publish","hentry"],"_links":{"self":[{"href":"https:\/\/www.eloun.cz\/index.php?rest_route=\/wp\/v2\/pages\/1163","targetHints":{"allow":["GET"]}}],"collection":[{"href":"https:\/\/www.eloun.cz\/index.php?rest_route=\/wp\/v2\/pages"}],"about":[{"href":"https:\/\/www.eloun.cz\/index.php?rest_route=\/wp\/v2\/types\/page"}],"author":[{"embeddable":true,"href":"https:\/\/www.eloun.cz\/index.php?rest_route=\/wp\/v2\/users\/1"}],"replies":[{"embeddable":true,"href":"https:\/\/www.eloun.cz\/index.php?rest_route=%2Fwp%2Fv2%2Fcomments&post=1163"}],"version-history":[{"count":12,"href":"https:\/\/www.eloun.cz\/index.php?rest_route=\/wp\/v2\/pages\/1163\/revisions"}],"predecessor-version":[{"id":1236,"href":"https:\/\/www.eloun.cz\/index.php?rest_route=\/wp\/v2\/pages\/1163\/revisions\/1236"}],"wp:attachment":[{"href":"https:\/\/www.eloun.cz\/index.php?rest_route=%2Fwp%2Fv2%2Fmedia&parent=1163"}],"curies":[{"name":"wp","href":"https:\/\/api.w.org\/{rel}","templated":true}]}}