{"id":1198,"date":"2024-03-25T12:13:49","date_gmt":"2024-03-25T12:13:49","guid":{"rendered":"https:\/\/www.eloun.cz\/?page_id=1198"},"modified":"2024-03-25T20:09:53","modified_gmt":"2024-03-25T20:09:53","slug":"strucny-pruvodce-systemem","status":"publish","type":"page","link":"https:\/\/www.eloun.cz\/?page_id=1198","title":{"rendered":"Stru\u010dn\u00fd pr\u016fvodce syst\u00e9mem"},"content":{"rendered":"<div  class='flex_column av-6eghri-aa4f7d0c8ab64e82741a45732b7dd78b av_one_fourth  avia-builder-el-0  el_before_av_three_fourth  avia-builder-el-first  first flex_column_div  '     ><div  class='avia-builder-widget-area clearfix  avia-builder-el-1  avia-builder-el-no-sibling '><section id=\"nav_menu-3\" class=\"widget clearfix widget_nav_menu\"><div class=\"menu-submenu-container\"><ul id=\"menu-submenu\" class=\"menu\"><li id=\"menu-item-1169\" class=\"menu-item menu-item-type-post_type menu-item-object-page menu-item-1169\"><a href=\"https:\/\/www.eloun.cz\/?page_id=1163\">Prost\u0159edn\u00ed\u010dek \u2013 pro p\u0159ed\u00e1v\u00e1n\u00ed doklad\u016f emailem<\/a><\/li>\n<li id=\"menu-item-1187\" class=\"menu-item menu-item-type-post_type menu-item-object-page menu-item-1187\"><a href=\"https:\/\/www.eloun.cz\/?page_id=1183\">Jak za\u010d\u00edt s Docare<\/a><\/li>\n<li id=\"menu-item-1228\" class=\"menu-item menu-item-type-post_type menu-item-object-page menu-item-1228\"><a href=\"https:\/\/www.eloun.cz\/?page_id=1198\">Stru\u010dn\u00fd pr\u016fvodce syst\u00e9mem<\/a><\/li>\n<li id=\"menu-item-1229\" class=\"menu-item menu-item-type-post_type menu-item-object-page menu-item-1229\"><a href=\"https:\/\/www.eloun.cz\/?page_id=1200\">Registrace \u00fa\u010detn\u00ed (p\u0159\u00edjemce doklad\u016f)<\/a><\/li>\n<li id=\"menu-item-1230\" class=\"menu-item menu-item-type-post_type menu-item-object-page menu-item-1230\"><a href=\"https:\/\/www.eloun.cz\/?page_id=1202\">Zalo\u017een\u00ed a p\u0159izv\u00e1n\u00ed podnikatele<\/a><\/li>\n<li id=\"menu-item-1231\" class=\"menu-item menu-item-type-post_type menu-item-object-page menu-item-1231\"><a href=\"https:\/\/www.eloun.cz\/?page_id=1206\">Pou\u017e\u00edv\u00e1n\u00ed mobiln\u00ed aplikace podnikatelem (odes\u00edlatel doklad\u016f)<\/a><\/li>\n<li id=\"menu-item-1232\" class=\"menu-item menu-item-type-post_type menu-item-object-page menu-item-1232\"><a href=\"https:\/\/www.eloun.cz\/?page_id=1219\">Zpracov\u00e1v\u00e1n\u00ed p\u0159ijat\u00fdch doklad\u016f<\/a><\/li>\n<li id=\"menu-item-1233\" class=\"menu-item menu-item-type-post_type menu-item-object-page menu-item-1233\"><a href=\"https:\/\/www.eloun.cz\/?page_id=1224\">Dal\u0161\u00ed mo\u017enosti syst\u00e9mu Docare a aplikace PORTEER<\/a><\/li>\n<li id=\"menu-item-1234\" class=\"menu-item menu-item-type-post_type menu-item-object-page menu-item-1234\"><a href=\"https:\/\/www.eloun.cz\/?page_id=1226\">P\u0159edplatn\u00e9 a zku\u0161ebn\u00ed doba<\/a><\/li>\n<\/ul><\/div><span class=\"seperator extralight-border\"><\/span><\/section><\/div><\/div>\n<div  class='flex_column av-249v8e-b1cebeb4096d9623795964e6a75caf10 av_three_fourth  avia-builder-el-2  el_after_av_one_fourth  avia-builder-el-last  flex_column_div  '     ><p>\n<style type=\"text\/css\" data-created_by=\"avia_inline_auto\" id=\"style-css-av-lu6wrglo-c7b0f6367cc18fad45f7b46679551875\">\n#top .av-special-heading.av-lu6wrglo-c7b0f6367cc18fad45f7b46679551875{\npadding-bottom:10px;\n}\nbody .av-special-heading.av-lu6wrglo-c7b0f6367cc18fad45f7b46679551875 .av-special-heading-tag .heading-char{\nfont-size:25px;\n}\n.av-special-heading.av-lu6wrglo-c7b0f6367cc18fad45f7b46679551875 .av-subheading{\nfont-size:15px;\n}\n<\/style>\n<div  class='av-special-heading av-lu6wrglo-c7b0f6367cc18fad45f7b46679551875 av-special-heading-h3 blockquote modern-quote  avia-builder-el-3  el_before_av_heading  avia-builder-el-first '><h3 class='av-special-heading-tag'  itemprop=\"headline\"  >Stru\u010dn\u00fd pr\u016fvodce syst\u00e9mem<\/h3><div class=\"special-heading-border\"><div class=\"special-heading-inner-border\"><\/div><\/div><\/div><br \/>\n\n<style type=\"text\/css\" data-created_by=\"avia_inline_auto\" id=\"style-css-av-lu6wroaz-94523fa9eb31459936fcf778b94b06ab\">\n#top .av-special-heading.av-lu6wroaz-94523fa9eb31459936fcf778b94b06ab{\npadding-bottom:10px;\n}\nbody .av-special-heading.av-lu6wroaz-94523fa9eb31459936fcf778b94b06ab .av-special-heading-tag .heading-char{\nfont-size:25px;\n}\n.av-special-heading.av-lu6wroaz-94523fa9eb31459936fcf778b94b06ab .av-subheading{\nfont-size:15px;\n}\n<\/style>\n<div  class='av-special-heading av-lu6wroaz-94523fa9eb31459936fcf778b94b06ab av-special-heading-h4 blockquote modern-quote  avia-builder-el-4  el_after_av_heading  el_before_av_textblock '><h4 class='av-special-heading-tag'  itemprop=\"headline\"  >V\u00edtejte v syst\u00e9mu Docare &#8211; modern\u00ed p\u0159ed\u00e1v\u00e1n\u00ed doklad\u016f.<\/h4><div class=\"special-heading-border\"><div class=\"special-heading-inner-border\"><\/div><\/div><\/div><br \/>\n<section  class='av_textblock_section av-lu6wt8zo-a2c9c4a4744f20d10cbba6f185dadc01 '   itemscope=\"itemscope\" itemtype=\"https:\/\/schema.org\/CreativeWork\" ><div class='avia_textblock'  itemprop=\"text\" ><p>Sepsali jsme pro V\u00e1s n\u011bkolik kr\u00e1tk\u00fdch \u010dl\u00e1nk\u016f, kter\u00e9 V\u00e1m pomohou v za\u010d\u00e1tc\u00edch pou\u017e\u00edv\u00e1n\u00ed syst\u00e9mu a z\u00e1rove\u0148 se sezn\u00e1m\u00edte se z\u00e1kladn\u00edmi pojmy, kter\u00e9 se v syst\u00e9mu vyskytuj\u00ed.<\/p>\n<p>Dost \u0159e\u010d\u00ed a poj\u010fme na to. V n\u00e1sleduj\u00edc\u00edch kapitol\u00e1ch V\u00e1m vysv\u011btl\u00edme jednotliv\u00e9 sou\u010d\u00e1sti syst\u00e9mu:<\/p>\n<p><a href=\"https:\/\/www.eloun.cz\/?page_id=1200\">1. Registrace \u00fa\u010detn\u00ed (p\u0159\u00edjemce doklad\u016f)<\/a><\/p>\n<p><a href=\"https:\/\/www.eloun.cz\/?page_id=1202\">2. Zalo\u017een\u00ed a p\u0159izv\u00e1n\u00ed podnikatele<\/a><\/p>\n<p><a href=\"https:\/\/www.eloun.cz\/?page_id=1206\">3. Pou\u017e\u00edv\u00e1n\u00ed mobiln\u00ed aplikace podnikatelem (odes\u00edlatel doklad\u016f)<\/a><\/p>\n<p><a href=\"https:\/\/www.eloun.cz\/?page_id=1219\">4. Zpracov\u00e1v\u00e1n\u00ed do\u0161l\u00fdch doklad\u016f<\/a><\/p>\n<p><a href=\"https:\/\/www.eloun.cz\/?page_id=1224\">5. Dal\u0161\u00ed mo\u017enosti syst\u00e9mu<\/a><\/p>\n<p><a href=\"https:\/\/www.eloun.cz\/?page_id=1226\">6. P\u0159edplatn\u00e9 a zku\u0161ebn\u00ed doba<\/a><\/p>\n<\/div><\/section><\/p><\/div>\n","protected":false},"excerpt":{"rendered":"","protected":false},"author":1,"featured_media":0,"parent":0,"menu_order":0,"comment_status":"closed","ping_status":"closed","template":"","meta":{"footnotes":""},"class_list":["post-1198","page","type-page","status-publish","hentry"],"_links":{"self":[{"href":"https:\/\/www.eloun.cz\/index.php?rest_route=\/wp\/v2\/pages\/1198","targetHints":{"allow":["GET"]}}],"collection":[{"href":"https:\/\/www.eloun.cz\/index.php?rest_route=\/wp\/v2\/pages"}],"about":[{"href":"https:\/\/www.eloun.cz\/index.php?rest_route=\/wp\/v2\/types\/page"}],"author":[{"embeddable":true,"href":"https:\/\/www.eloun.cz\/index.php?rest_route=\/wp\/v2\/users\/1"}],"replies":[{"embeddable":true,"href":"https:\/\/www.eloun.cz\/index.php?rest_route=%2Fwp%2Fv2%2Fcomments&post=1198"}],"version-history":[{"count":2,"href":"https:\/\/www.eloun.cz\/index.php?rest_route=\/wp\/v2\/pages\/1198\/revisions"}],"predecessor-version":[{"id":1277,"href":"https:\/\/www.eloun.cz\/index.php?rest_route=\/wp\/v2\/pages\/1198\/revisions\/1277"}],"wp:attachment":[{"href":"https:\/\/www.eloun.cz\/index.php?rest_route=%2Fwp%2Fv2%2Fmedia&parent=1198"}],"curies":[{"name":"wp","href":"https:\/\/api.w.org\/{rel}","templated":true}]}}