{"id":1224,"date":"2024-03-25T16:54:50","date_gmt":"2024-03-25T16:54:50","guid":{"rendered":"https:\/\/www.eloun.cz\/?page_id=1224"},"modified":"2024-03-25T20:42:01","modified_gmt":"2024-03-25T20:42:01","slug":"dalsi-moznosti-systemu-docare-a-aplikace-porteer","status":"publish","type":"page","link":"https:\/\/www.eloun.cz\/?page_id=1224","title":{"rendered":"Dal\u0161\u00ed mo\u017enosti syst\u00e9mu Docare a aplikace PORTEER"},"content":{"rendered":"<div  class='flex_column av-6682hk-3e7d7788af0d3b53c38d9b50c1468367 av_one_fourth  avia-builder-el-0  el_before_av_three_fourth  avia-builder-el-first  first flex_column_div  '     ><div  class='avia-builder-widget-area clearfix  avia-builder-el-1  avia-builder-el-no-sibling '><section id=\"nav_menu-3\" class=\"widget clearfix widget_nav_menu\"><div class=\"menu-submenu-container\"><ul id=\"menu-submenu\" class=\"menu\"><li id=\"menu-item-1169\" class=\"menu-item menu-item-type-post_type menu-item-object-page menu-item-1169\"><a href=\"https:\/\/www.eloun.cz\/?page_id=1163\">Prost\u0159edn\u00ed\u010dek \u2013 pro p\u0159ed\u00e1v\u00e1n\u00ed doklad\u016f emailem<\/a><\/li>\n<li id=\"menu-item-1187\" class=\"menu-item menu-item-type-post_type menu-item-object-page menu-item-1187\"><a href=\"https:\/\/www.eloun.cz\/?page_id=1183\">Jak za\u010d\u00edt s Docare<\/a><\/li>\n<li id=\"menu-item-1228\" class=\"menu-item menu-item-type-post_type menu-item-object-page menu-item-1228\"><a href=\"https:\/\/www.eloun.cz\/?page_id=1198\">Stru\u010dn\u00fd pr\u016fvodce syst\u00e9mem<\/a><\/li>\n<li id=\"menu-item-1229\" class=\"menu-item menu-item-type-post_type menu-item-object-page menu-item-1229\"><a href=\"https:\/\/www.eloun.cz\/?page_id=1200\">Registrace \u00fa\u010detn\u00ed (p\u0159\u00edjemce doklad\u016f)<\/a><\/li>\n<li id=\"menu-item-1230\" class=\"menu-item menu-item-type-post_type menu-item-object-page menu-item-1230\"><a href=\"https:\/\/www.eloun.cz\/?page_id=1202\">Zalo\u017een\u00ed a p\u0159izv\u00e1n\u00ed podnikatele<\/a><\/li>\n<li id=\"menu-item-1231\" class=\"menu-item menu-item-type-post_type menu-item-object-page menu-item-1231\"><a href=\"https:\/\/www.eloun.cz\/?page_id=1206\">Pou\u017e\u00edv\u00e1n\u00ed mobiln\u00ed aplikace podnikatelem (odes\u00edlatel doklad\u016f)<\/a><\/li>\n<li id=\"menu-item-1232\" class=\"menu-item menu-item-type-post_type menu-item-object-page menu-item-1232\"><a href=\"https:\/\/www.eloun.cz\/?page_id=1219\">Zpracov\u00e1v\u00e1n\u00ed p\u0159ijat\u00fdch doklad\u016f<\/a><\/li>\n<li id=\"menu-item-1233\" class=\"menu-item menu-item-type-post_type menu-item-object-page menu-item-1233\"><a href=\"https:\/\/www.eloun.cz\/?page_id=1224\">Dal\u0161\u00ed mo\u017enosti syst\u00e9mu Docare a aplikace PORTEER<\/a><\/li>\n<li id=\"menu-item-1234\" class=\"menu-item menu-item-type-post_type menu-item-object-page menu-item-1234\"><a href=\"https:\/\/www.eloun.cz\/?page_id=1226\">P\u0159edplatn\u00e9 a zku\u0161ebn\u00ed doba<\/a><\/li>\n<\/ul><\/div><span class=\"seperator extralight-border\"><\/span><\/section><\/div><\/div>\n<div  class='flex_column av-2u3v6w-86d0bc3407430eeab057a24bac2e8ed6 av_three_fourth  avia-builder-el-2  el_after_av_one_fourth  avia-builder-el-last  flex_column_div  '     ><p>\n<style type=\"text\/css\" data-created_by=\"avia_inline_auto\" id=\"style-css-av-lu76rr8p-2ff9982d7ea4eeb72312ef6050cbba52\">\n#top .av-special-heading.av-lu76rr8p-2ff9982d7ea4eeb72312ef6050cbba52{\npadding-bottom:10px;\n}\nbody .av-special-heading.av-lu76rr8p-2ff9982d7ea4eeb72312ef6050cbba52 .av-special-heading-tag .heading-char{\nfont-size:25px;\n}\n.av-special-heading.av-lu76rr8p-2ff9982d7ea4eeb72312ef6050cbba52 .av-subheading{\nfont-size:15px;\n}\n<\/style>\n<div  class='av-special-heading av-lu76rr8p-2ff9982d7ea4eeb72312ef6050cbba52 av-special-heading-h3 blockquote modern-quote  avia-builder-el-3  el_before_av_textblock  avia-builder-el-first '><h3 class='av-special-heading-tag'  itemprop=\"headline\"  >Dal\u0161\u00ed mo\u017enosti syst\u00e9mu Docare a aplikace PORTEER<\/h3><div class=\"special-heading-border\"><div class=\"special-heading-inner-border\"><\/div><\/div><\/div><br \/>\n<section  class='av_textblock_section av-lu76salh-35d21216c7629997773b53f9f9e693b8 '   itemscope=\"itemscope\" itemtype=\"https:\/\/schema.org\/CreativeWork\" ><div class='avia_textblock'  itemprop=\"text\" ><p>Proto\u017ee my v Docare V\u00e1m chceme Va\u0161i pr\u00e1ci maxim\u00e1ln\u011b zjednodu\u0161it a z\u00e1rove\u0148 V\u00e1m d\u00e1t tu nejv\u011bt\u0161\u00ed hodnotu k produktu, nespokojili jsme se s &#8222;pouhou&#8220; elektronizac\u00ed p\u0159ed\u00e1van\u00ed doklad\u016f. My V\u00e1m k tomu p\u0159id\u00e1v\u00e1me dal\u0161\u00ed, pro mnoh\u00e9 jist\u011b nezbytn\u00e9 mo\u017enosti, kter\u00e9 najdete v aplikaci <strong>PORTEER<\/strong>.<\/p>\n<\/div><\/section><br \/>\n\n<style type=\"text\/css\" data-created_by=\"avia_inline_auto\" id=\"style-css-av-lu76sr6d-aa01e075bfd510f99a75ea1c29dc7481\">\n#top .av-special-heading.av-lu76sr6d-aa01e075bfd510f99a75ea1c29dc7481{\npadding-bottom:10px;\n}\nbody .av-special-heading.av-lu76sr6d-aa01e075bfd510f99a75ea1c29dc7481 .av-special-heading-tag .heading-char{\nfont-size:25px;\n}\n.av-special-heading.av-lu76sr6d-aa01e075bfd510f99a75ea1c29dc7481 .av-subheading{\nfont-size:15px;\n}\n<\/style>\n<div  class='av-special-heading av-lu76sr6d-aa01e075bfd510f99a75ea1c29dc7481 av-special-heading-h4 blockquote modern-quote  avia-builder-el-5  el_after_av_textblock  el_before_av_textblock '><h4 class='av-special-heading-tag'  itemprop=\"headline\"  >\u010casov\u00e1 raz\u00edtka<\/h4><div class=\"special-heading-border\"><div class=\"special-heading-inner-border\"><\/div><\/div><\/div><br \/>\n<section  class='av_textblock_section av-lu76t0xe-b989f4e15722c8eef8250dd875ef7906 '   itemscope=\"itemscope\" itemtype=\"https:\/\/schema.org\/CreativeWork\" ><div class='avia_textblock'  itemprop=\"text\" ><p>\u010casov\u00e1 raz\u00edtka slou\u017e\u00ed k digit\u00e1ln\u00edmu &#8222;podpisu&#8220; dokladu. Jsou pou\u017e\u00edv\u00e1na k dolo\u017een\u00ed existence n\u011bjak\u00e9ho softwarov\u00e9ho prost\u0159edku v \u010dase. V syst\u00e9mu Docare je mo\u017en\u00e9 \u010dasov\u00e1 raz\u00edtka zakoupit a n\u00e1sledn\u011b pomoc\u00ed nich raz\u00edtkovat jednotliv\u00e9 doklady. T\u00edmto zp\u016fsobem &#8222;oraz\u00edtkovan\u00fd&#8220; doklad by m\u011bl b\u00fdt plnohodnotn\u00fdm podkladem p\u0159i p\u0159\u00edpadn\u00e9m dolo\u017een\u00ed finan\u010dn\u00edmu \u00fa\u0159adu. \u010casov\u00e9 raz\u00edtko dokl\u00e1d\u00e1 existenci oraz\u00edtkovan\u00e9ho dokumentu v \u010dase.<\/p>\n<p>V Docare pou\u017e\u00edv\u00e1me kvalifikovan\u00e9 \u010dasov\u00e9 raz\u00edtka \u010cesk\u00e9 po\u0161ty PostSignum, kter\u00e1 jsou v \u010cesk\u00e9 republice uzn\u00e1v\u00e1na. Podle v\u0161ech dostupn\u00fdch informac\u00ed je mo\u017en\u00e9, po manu\u00e1ln\u00ed kontrole \u010ditelnosti a p\u0159ijet\u00ed naskenovan\u00e9ho a odeslan\u00e9ho dokladu do syst\u00e9mu, tento doklad fyzicky vyhodit, pokud byl opat\u0159en \u010dasov\u00fdm raz\u00edtkem d\u016fv\u011bryhodn\u00e9 certifika\u010dn\u00ed autority.<\/p>\n<\/div><\/section><br \/>\n\n<style type=\"text\/css\" data-created_by=\"avia_inline_auto\" id=\"style-css-av-lu76t98o-340790056b61b052ee1a6860f7d3c325\">\n#top .av-special-heading.av-lu76t98o-340790056b61b052ee1a6860f7d3c325{\npadding-bottom:10px;\n}\nbody .av-special-heading.av-lu76t98o-340790056b61b052ee1a6860f7d3c325 .av-special-heading-tag .heading-char{\nfont-size:25px;\n}\n.av-special-heading.av-lu76t98o-340790056b61b052ee1a6860f7d3c325 .av-subheading{\nfont-size:15px;\n}\n<\/style>\n<div  class='av-special-heading av-lu76t98o-340790056b61b052ee1a6860f7d3c325 av-special-heading-h4 blockquote modern-quote  avia-builder-el-7  el_after_av_textblock  el_before_av_textblock '><h4 class='av-special-heading-tag'  itemprop=\"headline\"  >\u010casov\u00e1 raz\u00edtka v aplikaci PORTEER<\/h4><div class=\"special-heading-border\"><div class=\"special-heading-inner-border\"><\/div><\/div><\/div><br \/>\n<section  class='av_textblock_section av-lu76thrc-b8dfc235aa2c2c99b202a40980a94bac '   itemscope=\"itemscope\" itemtype=\"https:\/\/schema.org\/CreativeWork\" ><div class='avia_textblock'  itemprop=\"text\" ><p>Jako \u00fa\u010detn\u00ed, m\u016f\u017eete \u010dasov\u00e1 raz\u00edtka povolit nebo zak\u00e1zat pou\u017e\u00edvat cel\u00e9mu subjektu. Nastaven\u00ed naleznete v detailu subjektu pod n\u00e1zvem <strong>Povolit \u010dasov\u00e1 raz\u00edtka<\/strong>. Z\u00e1rove\u0148 zde m\u00e1te mo\u017enost nastavit, \u017ee chcete, \u010dasov\u00e1 raz\u00edtka vytv\u00e1\u0159et automaticky a pak se ka\u017ed\u00fd doklad, kter\u00fd zpracujete, ozna\u010d\u00ed \u010dasov\u00fdm raz\u00edtkem bez nutnosti Va\u0161eho manu\u00e1ln\u00edho z\u00e1sahu.<\/p>\n<p>\u010casov\u00e1 raz\u00edtka, p\u0159ed jejich prvn\u00edm pou\u017eit\u00edm mus\u00edte m\u00edt nakoupena. Aplikace <strong>PORTEER<\/strong> V\u00e1m umo\u017e\u0148uje nakoupit \u010dasov\u00e1 raz\u00edtka p\u0159\u00edmo ve sv\u00e9m rozhran\u00ed. V nab\u00eddce <strong>P\u0159edplatn\u00e9 &gt; P\u0159edplatn\u00e9 a n\u00e1kupy<\/strong> zvolte mo\u017enost <strong>Nakoupit \u010dasov\u00e1 raz\u00edtka<\/strong>. Zadejte po\u010det \u010dasov\u00fdch raz\u00edtek, kter\u00e1 budete pot\u0159ebovat p\u0159id\u011blit v\u0161em Va\u0161im subjekt\u016fm a stiskem tla\u010d\u00edtka <strong>Objednat<\/strong> vytvo\u0159\u00edte objedn\u00e1vku dan\u00e9ho po\u010dtu \u010dasov\u00fdch raz\u00edtek.<\/p>\n<p>Kopie objedn\u00e1vky V\u00e1m p\u0159ijde emailem na adresu uvedenou ve firemn\u00edch \u00fadaj\u00edch jako kontaktn\u00ed email. Po zaplacen\u00ed objedn\u00e1vky V\u00e1m syst\u00e9m automaticky p\u0159id\u011bl\u00ed nakoupen\u00fd po\u010det raz\u00edtek a m\u016f\u017eete je za\u010d\u00edt pou\u017e\u00edvat u subjekt\u016f, kter\u00fdm \u010dasov\u00e1 raz\u00edtka povol\u00edte, v\u00fd\u0161e uveden\u00fdm zp\u016fsobem. Jedn\u00e1 se tedy o kreditn\u00ed n\u00e1kup \u010dasov\u00fdch raz\u00edtek.<\/p>\n<p>Doklad m\u016f\u017eete oraz\u00edtkovat bu\u010f ru\u010dn\u011b, tla\u010d\u00edtkem <strong>Oraz\u00edtkovat<\/strong> na n\u00e1strojov\u00e9 li\u0161t\u011b (t\u00edmto zp\u016fsobem lze oraz\u00edtkovat i v\u00edce doklad\u016f najednou), nebo automaticky, vybr\u00e1n\u00edm volby <strong>Automatick\u00e1 \u010dasov\u00e1 raz\u00edtka<\/strong> v nastaven\u00ed subjektu a n\u00e1sledn\u011b p\u0159i zpracov\u00e1n\u00ed dokladu dojde k jeho oraz\u00edtkov\u00e1n\u00ed. \u010casov\u00e9 raz\u00edtko bude v datab\u00e1zi ulo\u017eeno k dan\u00e9mu dokladu a tak\u00e9 u n\u011bj ho v\u017edy najdete v aplikaci <strong>PORTEER<\/strong> na detailu dokladu v z\u00e1lo\u017ece \u010casov\u00e9 raz\u00edtko. Tato z\u00e1lo\u017eka je viditeln\u00e1 pouze u doklad\u016f, obsahuj\u00edc\u00ed \u010dasov\u00e9 raz\u00edtko.<\/p>\n<\/div><\/section><br \/>\n\n<style type=\"text\/css\" data-created_by=\"avia_inline_auto\" id=\"style-css-av-lu76ttgd-167346419910848a1c55281b29d783ca\">\n#top .av-special-heading.av-lu76ttgd-167346419910848a1c55281b29d783ca{\npadding-bottom:10px;\n}\nbody .av-special-heading.av-lu76ttgd-167346419910848a1c55281b29d783ca .av-special-heading-tag .heading-char{\nfont-size:25px;\n}\n.av-special-heading.av-lu76ttgd-167346419910848a1c55281b29d783ca .av-subheading{\nfont-size:15px;\n}\n<\/style>\n<div  class='av-special-heading av-lu76ttgd-167346419910848a1c55281b29d783ca av-special-heading-h4 blockquote modern-quote  avia-builder-el-9  el_after_av_textblock  el_before_av_textblock '><h4 class='av-special-heading-tag'  itemprop=\"headline\"  >Hromadn\u00fd tisk<\/h4><div class=\"special-heading-border\"><div class=\"special-heading-inner-border\"><\/div><\/div><\/div><br \/>\n<section  class='av_textblock_section av-lu76u1bf-a6aa965e57ac19ca4af550f2ed2ccd53 '   itemscope=\"itemscope\" itemtype=\"https:\/\/schema.org\/CreativeWork\" ><div class='avia_textblock'  itemprop=\"text\" ><p>M\u016f\u017ee se st\u00e1t, \u017ee pot\u0159ebujete nap\u0159\u00edklad v\u0161echny nov\u011b p\u0159ijat\u00e9 doklady vytisknout na tisk\u00e1rn\u011b. Pomoc\u00ed tla\u010d\u00edtka <strong>Tisk v\u0161e<\/strong>&#8230; v horn\u00ed n\u00e1strojov\u00e9 li\u0161t\u011b na seznamu doklad\u016f aplikace <strong>PORTEER<\/strong> jste tomu nikdy nebyli bl\u00ed\u017ee. Stisknut\u00edm tohoto jednoho tla\u010d\u00edtka vyvol\u00e1te dialogov\u00e9 okno pro tisk a n\u00e1sledn\u011b si v\u0161echny doklady vytisknete jeho potvrzen\u00edm.<\/p>\n<\/div><\/section><br \/>\n\n<style type=\"text\/css\" data-created_by=\"avia_inline_auto\" id=\"style-css-av-lu76uijp-afb170229178e6516cbf4e1fd6a800b4\">\n#top .av-special-heading.av-lu76uijp-afb170229178e6516cbf4e1fd6a800b4{\npadding-bottom:10px;\n}\nbody .av-special-heading.av-lu76uijp-afb170229178e6516cbf4e1fd6a800b4 .av-special-heading-tag .heading-char{\nfont-size:25px;\n}\n.av-special-heading.av-lu76uijp-afb170229178e6516cbf4e1fd6a800b4 .av-subheading{\nfont-size:15px;\n}\n<\/style>\n<div  class='av-special-heading av-lu76uijp-afb170229178e6516cbf4e1fd6a800b4 av-special-heading-h4 blockquote modern-quote  avia-builder-el-11  el_after_av_textblock  el_before_av_textblock '><h4 class='av-special-heading-tag'  itemprop=\"headline\"  >Hromadn\u00e9 ulo\u017een\u00ed<\/h4><div class=\"special-heading-border\"><div class=\"special-heading-inner-border\"><\/div><\/div><\/div><br \/>\n<section  class='av_textblock_section av-lu76ulwx-fc69fc69b85f7e9aa20e857fdb39aefb '   itemscope=\"itemscope\" itemtype=\"https:\/\/schema.org\/CreativeWork\" ><div class='avia_textblock'  itemprop=\"text\" ><p>Podobn\u011b, jako doklady hromadn\u011b tisknout, m\u016f\u017eete doklady i hromadn\u011b st\u00e1hnout na sv\u016fj disk a pracovat s nimi d\u00e1le lok\u00e1ln\u011b na Va\u0161em po\u010d\u00edta\u010di. Tato volba se m\u016f\u017ee hodit nap\u0159\u00edklad pro vlo\u017een\u00ed doklad\u016f do syst\u00e9mu na vyt\u011b\u017eov\u00e1n\u00ed dat. St\u00e1hnout a ulo\u017eit v\u0161echny doklady na V\u00e1\u0161 po\u010d\u00edta\u010d m\u016f\u017eete tla\u010d\u00edtkem <strong>Ulo\u017eit v\u0161e jako<\/strong>&#8230; v n\u00e1strojov\u00e9 li\u0161t\u011b na seznamu doklad\u016f aplikace <strong>PORTEER<\/strong>. V\u0161echny soubory obsahuj\u00edc\u00ed origin\u00e1ly doklad\u016f budou zabaleny do jednoho archivu ZIP a st\u00e1hnuty. N\u00e1zvy jednotliv\u00fdch soubor\u016f budou bu\u010f takov\u00e9, jak\u00e9 byly p\u0159i posl\u00e1n\u00ed do syst\u00e9mu Docare, a nebo, pokud vypln\u00edte hodnotu <strong>\u010c\u00edslo dokladu<\/strong> v seznamu doklad\u016f, pak se toto pou\u017eije i pro pojmenov\u00e1n\u00ed st\u00e1hnut\u00e9ho souboru.<\/p>\n<\/div><\/section><\/p><\/div>\n","protected":false},"excerpt":{"rendered":"","protected":false},"author":1,"featured_media":0,"parent":0,"menu_order":0,"comment_status":"closed","ping_status":"closed","template":"","meta":{"footnotes":""},"class_list":["post-1224","page","type-page","status-publish","hentry"],"_links":{"self":[{"href":"https:\/\/www.eloun.cz\/index.php?rest_route=\/wp\/v2\/pages\/1224","targetHints":{"allow":["GET"]}}],"collection":[{"href":"https:\/\/www.eloun.cz\/index.php?rest_route=\/wp\/v2\/pages"}],"about":[{"href":"https:\/\/www.eloun.cz\/index.php?rest_route=\/wp\/v2\/types\/page"}],"author":[{"embeddable":true,"href":"https:\/\/www.eloun.cz\/index.php?rest_route=\/wp\/v2\/users\/1"}],"replies":[{"embeddable":true,"href":"https:\/\/www.eloun.cz\/index.php?rest_route=%2Fwp%2Fv2%2Fcomments&post=1224"}],"version-history":[{"count":2,"href":"https:\/\/www.eloun.cz\/index.php?rest_route=\/wp\/v2\/pages\/1224\/revisions"}],"predecessor-version":[{"id":1301,"href":"https:\/\/www.eloun.cz\/index.php?rest_route=\/wp\/v2\/pages\/1224\/revisions\/1301"}],"wp:attachment":[{"href":"https:\/\/www.eloun.cz\/index.php?rest_route=%2Fwp%2Fv2%2Fmedia&parent=1224"}],"curies":[{"name":"wp","href":"https:\/\/api.w.org\/{rel}","templated":true}]}}