{"id":1226,"date":"2024-03-25T16:58:28","date_gmt":"2024-03-25T16:58:28","guid":{"rendered":"https:\/\/www.eloun.cz\/?page_id=1226"},"modified":"2024-03-25T20:44:10","modified_gmt":"2024-03-25T20:44:10","slug":"predplatne-a-zkusebni-doba","status":"publish","type":"page","link":"https:\/\/www.eloun.cz\/?page_id=1226","title":{"rendered":"P\u0159edplatn\u00e9 a zku\u0161ebn\u00ed doba"},"content":{"rendered":"<div  class='flex_column av-7b0ouy-4a0e528f5ec42fe61fd4e509062f1491 av_one_fourth  avia-builder-el-0  el_before_av_three_fourth  avia-builder-el-first  first flex_column_div  '     ><div  class='avia-builder-widget-area clearfix  avia-builder-el-1  avia-builder-el-no-sibling '><section id=\"nav_menu-3\" class=\"widget clearfix widget_nav_menu\"><div class=\"menu-submenu-container\"><ul id=\"menu-submenu\" class=\"menu\"><li id=\"menu-item-1169\" class=\"menu-item menu-item-type-post_type menu-item-object-page menu-item-1169\"><a href=\"https:\/\/www.eloun.cz\/?page_id=1163\">Prost\u0159edn\u00ed\u010dek \u2013 pro p\u0159ed\u00e1v\u00e1n\u00ed doklad\u016f emailem<\/a><\/li>\n<li id=\"menu-item-1187\" class=\"menu-item menu-item-type-post_type menu-item-object-page menu-item-1187\"><a href=\"https:\/\/www.eloun.cz\/?page_id=1183\">Jak za\u010d\u00edt s Docare<\/a><\/li>\n<li id=\"menu-item-1228\" class=\"menu-item menu-item-type-post_type menu-item-object-page menu-item-1228\"><a href=\"https:\/\/www.eloun.cz\/?page_id=1198\">Stru\u010dn\u00fd pr\u016fvodce syst\u00e9mem<\/a><\/li>\n<li id=\"menu-item-1229\" class=\"menu-item menu-item-type-post_type menu-item-object-page menu-item-1229\"><a href=\"https:\/\/www.eloun.cz\/?page_id=1200\">Registrace \u00fa\u010detn\u00ed (p\u0159\u00edjemce doklad\u016f)<\/a><\/li>\n<li id=\"menu-item-1230\" class=\"menu-item menu-item-type-post_type menu-item-object-page menu-item-1230\"><a href=\"https:\/\/www.eloun.cz\/?page_id=1202\">Zalo\u017een\u00ed a p\u0159izv\u00e1n\u00ed podnikatele<\/a><\/li>\n<li id=\"menu-item-1231\" class=\"menu-item menu-item-type-post_type menu-item-object-page menu-item-1231\"><a href=\"https:\/\/www.eloun.cz\/?page_id=1206\">Pou\u017e\u00edv\u00e1n\u00ed mobiln\u00ed aplikace podnikatelem (odes\u00edlatel doklad\u016f)<\/a><\/li>\n<li id=\"menu-item-1232\" class=\"menu-item menu-item-type-post_type menu-item-object-page menu-item-1232\"><a href=\"https:\/\/www.eloun.cz\/?page_id=1219\">Zpracov\u00e1v\u00e1n\u00ed p\u0159ijat\u00fdch doklad\u016f<\/a><\/li>\n<li id=\"menu-item-1233\" class=\"menu-item menu-item-type-post_type menu-item-object-page menu-item-1233\"><a href=\"https:\/\/www.eloun.cz\/?page_id=1224\">Dal\u0161\u00ed mo\u017enosti syst\u00e9mu Docare a aplikace PORTEER<\/a><\/li>\n<li id=\"menu-item-1234\" class=\"menu-item menu-item-type-post_type menu-item-object-page menu-item-1234\"><a href=\"https:\/\/www.eloun.cz\/?page_id=1226\">P\u0159edplatn\u00e9 a zku\u0161ebn\u00ed doba<\/a><\/li>\n<\/ul><\/div><span class=\"seperator extralight-border\"><\/span><\/section><\/div><\/div>\n<div  class='flex_column av-4eajju-d042f275545894bd7c40ecd22e6837e7 av_three_fourth  avia-builder-el-2  el_after_av_one_fourth  avia-builder-el-last  flex_column_div  '     ><p>\n<style type=\"text\/css\" data-created_by=\"avia_inline_auto\" id=\"style-css-av-lu76vrpl-3aea59c9cd5420a0bdee0c66b8457ef2\">\n#top .av-special-heading.av-lu76vrpl-3aea59c9cd5420a0bdee0c66b8457ef2{\npadding-bottom:10px;\n}\nbody .av-special-heading.av-lu76vrpl-3aea59c9cd5420a0bdee0c66b8457ef2 .av-special-heading-tag .heading-char{\nfont-size:25px;\n}\n.av-special-heading.av-lu76vrpl-3aea59c9cd5420a0bdee0c66b8457ef2 .av-subheading{\nfont-size:15px;\n}\n<\/style>\n<div  class='av-special-heading av-lu76vrpl-3aea59c9cd5420a0bdee0c66b8457ef2 av-special-heading-h3 blockquote modern-quote  avia-builder-el-3  el_before_av_textblock  avia-builder-el-first '><h3 class='av-special-heading-tag'  itemprop=\"headline\"  >P\u0159edplatn\u00e9 a zku\u0161ebn\u00ed doba<\/h3><div class=\"special-heading-border\"><div class=\"special-heading-inner-border\"><\/div><\/div><\/div><br \/>\n<section  class='av_textblock_section av-lu76w2gm-eda5542c83882b23b30902ebabb6512c '   itemscope=\"itemscope\" itemtype=\"https:\/\/schema.org\/CreativeWork\" ><div class='avia_textblock'  itemprop=\"text\" ><p>V syst\u00e9mu Docare si v\u0161echny podstatn\u00e9 funkce m\u016f\u017eete otestovat zcela zdarma a to a\u017e po dobu t\u0159\u00ed m\u011bs\u00edc\u016f. A\u017e pot\u00e9 se rozhodnete, zda je tento syst\u00e9m vhodn\u00fd i pro V\u00e1s. Zd\u00e1 se n\u00e1m, \u017ee je to nejv\u00edc f\u00e9r nab\u00eddka, p\u0159i kter\u00e9 nem\u016f\u017eete nic ztratit, pouze z\u00edskat.<\/p>\n<\/div><\/section><br \/>\n\n<style type=\"text\/css\" data-created_by=\"avia_inline_auto\" id=\"style-css-av-lu76wfk6-b5e7a8d286d9fd0ec5f3a96a36afb076\">\n#top .av-special-heading.av-lu76wfk6-b5e7a8d286d9fd0ec5f3a96a36afb076{\npadding-bottom:10px;\n}\nbody .av-special-heading.av-lu76wfk6-b5e7a8d286d9fd0ec5f3a96a36afb076 .av-special-heading-tag .heading-char{\nfont-size:25px;\n}\n.av-special-heading.av-lu76wfk6-b5e7a8d286d9fd0ec5f3a96a36afb076 .av-subheading{\nfont-size:15px;\n}\n<\/style>\n<div  class='av-special-heading av-lu76wfk6-b5e7a8d286d9fd0ec5f3a96a36afb076 av-special-heading-h4 blockquote modern-quote  avia-builder-el-5  el_after_av_textblock  el_before_av_textblock '><h4 class='av-special-heading-tag'  itemprop=\"headline\"  >3 m\u011bs\u00edce zkou\u0161en\u00ed zdarma<\/h4><div class=\"special-heading-border\"><div class=\"special-heading-inner-border\"><\/div><\/div><\/div><br \/>\n<section  class='av_textblock_section av-2bqfgq-bf6366ddd68dccf38b12068d48b667fe '   itemscope=\"itemscope\" itemtype=\"https:\/\/schema.org\/CreativeWork\" ><div class='avia_textblock'  itemprop=\"text\" ><p>Jak ji\u017e bylo \u0159e\u010deno v \u00favodu, pro testov\u00e1n\u00ed syst\u00e9mu m\u00e1te k dispozici obdob\u00ed 3 m\u011bs\u00edce zcela zdarma. P\u0159i registraci od V\u00e1s nechceme \u017e\u00e1dn\u00e9 \u00fadaje o kreditn\u00edch kart\u00e1ch, ani V\u00e1s nijak jinak nezavazujeme k n\u00e1sledn\u00e9mu zakoupen\u00ed p\u0159edplatn\u00e9ho. Po tuto zku\u0161ebn\u00ed dobu m\u016f\u017eete spravovat a\u017e 10 subjekt\u016f a krom\u011b v\u0161e si hezky osahat a otestovat. Jedinou v\u00fdjimkou jsou \u010dasov\u00e1 raz\u00edtka. Ta si ale m\u016f\u017eete zakoupit a doklady s nimi raz\u00edtkovat i ve zku\u0161ebn\u00edm obdob\u00ed. O nic nep\u0159ijdete ani p\u0159echodem na placen\u00e9 obdob\u00ed, v\u0161e V\u00e1m v syst\u00e9mu z\u016fstane. K doklad\u016fm se nav\u00edc dostanete kdykoliv, i po skon\u010den\u00ed zku\u0161ebn\u00edho obdob\u00ed. Pouze nelze p\u0159id\u00e1vat dal\u0161\u00ed.<\/p>\n<\/div><\/section><br \/>\n\n<style type=\"text\/css\" data-created_by=\"avia_inline_auto\" id=\"style-css-av-lu76wzcv-daf0db278e5225084a1cfb35e7a83718\">\n#top .av-special-heading.av-lu76wzcv-daf0db278e5225084a1cfb35e7a83718{\npadding-bottom:10px;\n}\nbody .av-special-heading.av-lu76wzcv-daf0db278e5225084a1cfb35e7a83718 .av-special-heading-tag .heading-char{\nfont-size:25px;\n}\n.av-special-heading.av-lu76wzcv-daf0db278e5225084a1cfb35e7a83718 .av-subheading{\nfont-size:15px;\n}\n<\/style>\n<div  class='av-special-heading av-lu76wzcv-daf0db278e5225084a1cfb35e7a83718 av-special-heading-h4 blockquote modern-quote  avia-builder-el-7  el_after_av_textblock  el_before_av_textblock '><h4 class='av-special-heading-tag'  itemprop=\"headline\"  >P\u0159edplatn\u00e9 a n\u00e1kupy v aplikaci<\/h4><div class=\"special-heading-border\"><div class=\"special-heading-inner-border\"><\/div><\/div><\/div><br \/>\n<section  class='av_textblock_section av-lu76womp-245c98d82b5a8c38cea9d67b3af60f5c '   itemscope=\"itemscope\" itemtype=\"https:\/\/schema.org\/CreativeWork\" ><div class='avia_textblock'  itemprop=\"text\" ><p>Pro p\u0159id\u00e1n\u00ed v\u00edce subjekt\u016f, prodlou\u017een\u00ed doby p\u0159edplatn\u00e9ho nebo jeho ukon\u010den\u00ed a pro n\u00e1kup \u010dasov\u00fdch raz\u00edtek vyu\u017eijte port\u00e1l v aplikaci <strong>PORTEER<\/strong>, p\u0159\u00edstupn\u00fd z nab\u00eddky<strong> P\u0159edplatn\u00e9 &gt; P\u0159edplatn\u00e9 a n\u00e1kupy<\/strong>.<\/p>\n<\/div><\/section><br \/>\n\n<style type=\"text\/css\" data-created_by=\"avia_inline_auto\" id=\"style-css-av-lu76xi45-dbdcdfaeaee3a9ff18da66580701f383\">\n.avia-image-container.av-lu76xi45-dbdcdfaeaee3a9ff18da66580701f383 img.avia_image{\nbox-shadow:none;\n}\n.avia-image-container.av-lu76xi45-dbdcdfaeaee3a9ff18da66580701f383 .av-image-caption-overlay-center{\ncolor:#ffffff;\n}\n<\/style>\n<div  class='avia-image-container av-lu76xi45-dbdcdfaeaee3a9ff18da66580701f383 av-styling- avia-align-center  avia-builder-el-9  el_after_av_textblock  el_before_av_textblock '   itemprop=\"image\" itemscope=\"itemscope\" itemtype=\"https:\/\/schema.org\/ImageObject\" ><div class=\"avia-image-container-inner\"><div class=\"avia-image-overlay-wrap\"><img decoding=\"async\" fetchpriority=\"high\" class='wp-image-1138 avia-img-lazy-loading-not-1138 avia_image ' src=\"https:\/\/www.eloun.cz\/wp-content\/uploads\/2024\/03\/mceclip11.png\" alt='' title='mceclip11'  height=\"593\" width=\"786\"  itemprop=\"thumbnailUrl\" srcset=\"https:\/\/www.eloun.cz\/wp-content\/uploads\/2024\/03\/mceclip11.png 786w, https:\/\/www.eloun.cz\/wp-content\/uploads\/2024\/03\/mceclip11-300x226.png 300w, https:\/\/www.eloun.cz\/wp-content\/uploads\/2024\/03\/mceclip11-768x579.png 768w, https:\/\/www.eloun.cz\/wp-content\/uploads\/2024\/03\/mceclip11-705x532.png 705w\" sizes=\"(max-width: 786px) 100vw, 786px\" \/><\/div><\/div><\/div><br \/>\n<section  class='av_textblock_section av-lu76xvs1-f0cb26230a9e673eb44061a17daf0da1 '   itemscope=\"itemscope\" itemtype=\"https:\/\/schema.org\/CreativeWork\" ><div class='avia_textblock'  itemprop=\"text\" ><p style=\"text-align: center;\"><em>P\u0159edplatn\u00e9 a n\u00e1kupy v aplikaci PORTEER<\/em><\/p>\n<\/div><\/section><br \/>\n\n<style type=\"text\/css\" data-created_by=\"avia_inline_auto\" id=\"style-css-av-lu76y4ai-17bc3733fa071d756e4ccadfb9345229\">\n#top .av-special-heading.av-lu76y4ai-17bc3733fa071d756e4ccadfb9345229{\npadding-bottom:10px;\n}\nbody .av-special-heading.av-lu76y4ai-17bc3733fa071d756e4ccadfb9345229 .av-special-heading-tag .heading-char{\nfont-size:25px;\n}\n.av-special-heading.av-lu76y4ai-17bc3733fa071d756e4ccadfb9345229 .av-subheading{\nfont-size:15px;\n}\n<\/style>\n<div  class='av-special-heading av-lu76y4ai-17bc3733fa071d756e4ccadfb9345229 av-special-heading-h4 blockquote modern-quote  avia-builder-el-11  el_after_av_textblock  el_before_av_textblock '><h4 class='av-special-heading-tag'  itemprop=\"headline\"  >Doobjedn\u00e1vka v\u00edce subjekt\u016f<\/h4><div class=\"special-heading-border\"><div class=\"special-heading-inner-border\"><\/div><\/div><\/div><br \/>\n<section  class='av_textblock_section av-lu76yd2z-a65a333cc1143a8cfc36005d47619a42 '   itemscope=\"itemscope\" itemtype=\"https:\/\/schema.org\/CreativeWork\" ><div class='avia_textblock'  itemprop=\"text\" ><p>M\u00e1te aktivn\u00ed p\u0159edplatn\u00e9, ale pot\u0159ebujete nav\u00fd\u0161it po\u010det spravovan\u00fdch subjekt\u016f? Vypl\u0148te objedn\u00e1vkov\u00fd formul\u00e1\u0159 v aplikaci pod tla\u010d\u00edtkem <strong>Spravovat v\u00edce subjekt\u016f<\/strong>. Po vypln\u011bn\u00ed a zaplacen\u00ed objedn\u00e1vky V\u00e1m automaticky nav\u00fd\u0161\u00edme mo\u017en\u00fd po\u010det spravovan\u00fdch subjekt\u016f.<\/p>\n<\/div><\/section><br \/>\n\n<style type=\"text\/css\" data-created_by=\"avia_inline_auto\" id=\"style-css-av-lu76ymst-ffda4ad987a8876c3be3058e9fe745ff\">\n#top .av-special-heading.av-lu76ymst-ffda4ad987a8876c3be3058e9fe745ff{\npadding-bottom:10px;\n}\nbody .av-special-heading.av-lu76ymst-ffda4ad987a8876c3be3058e9fe745ff .av-special-heading-tag .heading-char{\nfont-size:25px;\n}\n.av-special-heading.av-lu76ymst-ffda4ad987a8876c3be3058e9fe745ff .av-subheading{\nfont-size:15px;\n}\n<\/style>\n<div  class='av-special-heading av-lu76ymst-ffda4ad987a8876c3be3058e9fe745ff av-special-heading-h4 blockquote modern-quote  avia-builder-el-13  el_after_av_textblock  el_before_av_textblock '><h4 class='av-special-heading-tag'  itemprop=\"headline\"  >Objedn\u00e1vka p\u0159edplatn\u00e9ho na dal\u0161\u00ed obdob\u00ed<\/h4><div class=\"special-heading-border\"><div class=\"special-heading-inner-border\"><\/div><\/div><\/div><br \/>\n<section  class='av_textblock_section av-lu76ywx0-fc7b587f940d02d171238a5723327447 '   itemscope=\"itemscope\" itemtype=\"https:\/\/schema.org\/CreativeWork\" ><div class='avia_textblock'  itemprop=\"text\" ><p>Tuto volbu vyu\u017eijete, pokud se bl\u00ed\u017e\u00ed konec Va\u0161eho aktu\u00e1ln\u00edho p\u0159edplatn\u00e9ho. V aplikaci <strong>PORTEER<\/strong>, v objedn\u00e1vce (tla\u010d\u00edtko <strong>Objednat p\u0159edplatn\u00e9 na dal\u0161\u00ed obdob\u00ed<\/strong>) si p\u0159edplatn\u00e9ho na dal\u0161\u00ed obdob\u00ed zad\u00e1te po\u010det subjekt\u016f, kter\u00e9 pot\u0159ebujete v dan\u00e9m obdob\u00ed spravovat. Zvolte si po\u010det subjekt\u016f tak, abyste zbyte\u010dn\u011b neobjedn\u00e1vali subjekty nav\u00edc, jeliko\u017e je tato slu\u017eba zpoplatn\u011bna. P\u0159iobjednat dal\u0161\u00ed subjekty i v pr\u016fb\u011bhu aktivn\u00edho p\u0159edplatn\u00e9ho je mo\u017en\u00e9 volbou <strong>Spravovat v\u00edce subjekt\u016f<\/strong>, popsanou v\u00fd\u0161e.<\/p>\n<\/div><\/section><br \/>\n\n<style type=\"text\/css\" data-created_by=\"avia_inline_auto\" id=\"style-css-av-lu76z6f3-7aa14347a8a2293e0bd03718aef506b8\">\n#top .av-special-heading.av-lu76z6f3-7aa14347a8a2293e0bd03718aef506b8{\npadding-bottom:10px;\n}\nbody .av-special-heading.av-lu76z6f3-7aa14347a8a2293e0bd03718aef506b8 .av-special-heading-tag .heading-char{\nfont-size:25px;\n}\n.av-special-heading.av-lu76z6f3-7aa14347a8a2293e0bd03718aef506b8 .av-subheading{\nfont-size:15px;\n}\n<\/style>\n<div  class='av-special-heading av-lu76z6f3-7aa14347a8a2293e0bd03718aef506b8 av-special-heading-h4 blockquote modern-quote  avia-builder-el-15  el_after_av_textblock  el_before_av_textblock '><h4 class='av-special-heading-tag'  itemprop=\"headline\"  >Ukon\u010den\u00ed p\u0159edplatn\u00e9ho<\/h4><div class=\"special-heading-border\"><div class=\"special-heading-inner-border\"><\/div><\/div><\/div><br \/>\n<section  class='av_textblock_section av-lu76zbtv-ba8a2c6f7641cdff0fc3a7f600829730 '   itemscope=\"itemscope\" itemtype=\"https:\/\/schema.org\/CreativeWork\" ><div class='avia_textblock'  itemprop=\"text\" ><p>Kdykoliv si m\u016f\u017eete v syst\u00e9mu zvolit ukon\u010den\u00ed p\u0159edplatn\u00e9ho. Aktu\u00e1ln\u00ed p\u0159edplatn\u00e9 v\u017edy dob\u011bhne do sv\u00e9ho konce a n\u00e1sledn\u011b V\u00e1m ji\u017e nebude vystavena v\u00fdzva k zaplacen\u00ed dal\u0161\u00edho obdob\u00ed. Pen\u00edze za nevy\u010derpan\u00e9 p\u0159edplatn\u00e9 nevrac\u00edme.<\/p>\n<\/div><\/section><\/p><\/div>\n","protected":false},"excerpt":{"rendered":"","protected":false},"author":1,"featured_media":0,"parent":0,"menu_order":0,"comment_status":"closed","ping_status":"closed","template":"","meta":{"footnotes":""},"class_list":["post-1226","page","type-page","status-publish","hentry"],"_links":{"self":[{"href":"https:\/\/www.eloun.cz\/index.php?rest_route=\/wp\/v2\/pages\/1226","targetHints":{"allow":["GET"]}}],"collection":[{"href":"https:\/\/www.eloun.cz\/index.php?rest_route=\/wp\/v2\/pages"}],"about":[{"href":"https:\/\/www.eloun.cz\/index.php?rest_route=\/wp\/v2\/types\/page"}],"author":[{"embeddable":true,"href":"https:\/\/www.eloun.cz\/index.php?rest_route=\/wp\/v2\/users\/1"}],"replies":[{"embeddable":true,"href":"https:\/\/www.eloun.cz\/index.php?rest_route=%2Fwp%2Fv2%2Fcomments&post=1226"}],"version-history":[{"count":2,"href":"https:\/\/www.eloun.cz\/index.php?rest_route=\/wp\/v2\/pages\/1226\/revisions"}],"predecessor-version":[{"id":1303,"href":"https:\/\/www.eloun.cz\/index.php?rest_route=\/wp\/v2\/pages\/1226\/revisions\/1303"}],"wp:attachment":[{"href":"https:\/\/www.eloun.cz\/index.php?rest_route=%2Fwp%2Fv2%2Fmedia&parent=1226"}],"curies":[{"name":"wp","href":"https:\/\/api.w.org\/{rel}","templated":true}]}}