{"id":1280,"date":"2024-03-25T20:15:19","date_gmt":"2024-03-25T20:15:19","guid":{"rendered":"https:\/\/www.eloun.cz\/?page_id=1280"},"modified":"2024-03-25T20:55:08","modified_gmt":"2024-03-25T20:55:08","slug":"bezpecnostni-zasady","status":"publish","type":"page","link":"https:\/\/www.eloun.cz\/?page_id=1280","title":{"rendered":"Bezpe\u010dnostn\u00ed z\u00e1sady"},"content":{"rendered":"<div  class='flex_column av-57x2nk-ffca88db5fdcbcc12d63816e7e59bb72 av_one_fourth  avia-builder-el-0  el_before_av_three_fourth  avia-builder-el-first  first flex_column_div  '     ><div  class='avia-builder-widget-area clearfix  avia-builder-el-1  avia-builder-el-no-sibling '><section id=\"nav_menu-6\" class=\"widget clearfix widget_nav_menu\"><div class=\"menu-submenu2-container\"><ul id=\"menu-submenu2\" class=\"menu\"><li id=\"menu-item-1305\" class=\"menu-item menu-item-type-post_type menu-item-object-page menu-item-1305\"><a href=\"https:\/\/www.eloun.cz\/?page_id=1282\">Pravidla pro cookies<\/a><\/li>\n<li id=\"menu-item-1306\" class=\"menu-item menu-item-type-post_type menu-item-object-page menu-item-1306\"><a href=\"https:\/\/www.eloun.cz\/?page_id=1280\">Bezpe\u010dnostn\u00ed z\u00e1sady<\/a><\/li>\n<\/ul><\/div><span class=\"seperator extralight-border\"><\/span><\/section><\/div><\/div><div  class='flex_column av-2sk528-7dbd2c0434eff0399a50343e82c942ef av_three_fourth  avia-builder-el-2  el_after_av_one_fourth  avia-builder-el-last  flex_column_div  '     ><p>\n<style type=\"text\/css\" data-created_by=\"avia_inline_auto\" id=\"style-css-av-lu7dyx02-5926f15d02c1833ffb28edd5b6dc9e1a\">\n#top .av-special-heading.av-lu7dyx02-5926f15d02c1833ffb28edd5b6dc9e1a{\npadding-bottom:10px;\n}\nbody .av-special-heading.av-lu7dyx02-5926f15d02c1833ffb28edd5b6dc9e1a .av-special-heading-tag .heading-char{\nfont-size:25px;\n}\n.av-special-heading.av-lu7dyx02-5926f15d02c1833ffb28edd5b6dc9e1a .av-subheading{\nfont-size:15px;\n}\n<\/style>\n<div  class='av-special-heading av-lu7dyx02-5926f15d02c1833ffb28edd5b6dc9e1a av-special-heading-h3 blockquote modern-quote  avia-builder-el-3  el_before_av_textblock  avia-builder-el-first '><h3 class='av-special-heading-tag'  itemprop=\"headline\"  >Bezpe\u010dnostn\u00ed z\u00e1sady<\/h3><div class=\"special-heading-border\"><div class=\"special-heading-inner-border\"><\/div><\/div><\/div><br \/>\n<section  class='av_textblock_section av-lu7dyr68-48e5a25d75bd19e05e1b13d8ba464516 '   itemscope=\"itemscope\" itemtype=\"https:\/\/schema.org\/CreativeWork\" ><div class='avia_textblock'  itemprop=\"text\" ><p>Va\u0161e data jsou u n\u00e1s v bezpe\u010d\u00ed. Jako d\u016fkaz tohoto tvrzen\u00ed pro V\u00e1s m\u00e1me seps\u00e1ny n\u00e1sleduj\u00edc\u00ed z\u00e1sady bezpe\u010dnosti, kter\u00fdmi se \u0159\u00edd\u00edme. Z\u00e1rove\u0148 se zde m\u016f\u017eete p\u0159esv\u011bd\u010dit, \u017ee n\u00e1m m\u016f\u017eete d\u016fv\u011b\u0159ovat.<\/p>\n<ul>\n<li>Pro komunikaci mezi jednotliv\u00fdmi sou\u010d\u00e1stmi syst\u00e9mu pou\u017e\u00edv\u00e1me nejmodern\u011bj\u0161\u00ed zp\u016fsoby zabezpe\u010den\u00ed komunikace.<\/li>\n<li>Na webov\u00fdch str\u00e1nk\u00e1ch komunikujeme pouze pomoc\u00ed protokolu HTTPS, kter\u00fd je z pohledu dne\u0161n\u00edch technologi\u00ed z\u00e1rukou zabezpe\u010den\u00e9ho spojen\u00ed a t\u00edm i bezpe\u010dn\u00e9 v\u00fdm\u011bny dat.<\/li>\n<li>Stejnou \u00farove\u0148 zabezpe\u010den\u00ed, jako na webov\u00e9m rozhran\u00ed, to znamen\u00e1 pomoc\u00ed protokolu HTTPS, m\u00e1me nastavenou tak\u00e9 pro komunikaci mezi aplikacemi klienta a serveru.<\/li>\n<li>Va\u0161e heslo neukl\u00e1d\u00e1me do na\u0161\u00ed datab\u00e1ze. V datab\u00e1zi m\u00e1me ulo\u017eeny pouze HASH hodnotu Va\u0161eho hesla. To znamen\u00e1, \u017ee i kdyby se kdokoliv dostal p\u0159es v\u0161echny na\u0161e bezpe\u010dnostn\u00ed pojistky a\u017e k ulo\u017een\u00fdm dat\u016fm, pak nebude schopen jak\u00fdmkoliv dnes zn\u00e1m\u00fdm algoritmem zrekonstruovat Va\u0161e heslo. D\u00edky t\u00e9to \u00farovni zabezpe\u010den\u00ed V\u00e1m ale ani my neum\u00edme sd\u011blit Va\u0161e heslo! Proto v p\u0159\u00edpad\u011b, \u017ee ho n\u00e1hodou zapomenete, nechte si vytvo\u0159it heslo nov\u00e9, pomoc\u00ed procesu pro obnovu hesla.<br \/>\n<strong>Technick\u00e9 ok\u00e9nko:<\/strong> HASH je vytvo\u0159en pomoc\u00ed kryptografick\u00e9 funkce zvan\u00e9 PBKDF2, p\u0159i pou\u017eit\u00ed pseudon\u00e1hodn\u00e9 funkce HMAC-SHA256. S\u016fl m\u00e1 d\u00e9lku 128-bit\u016f, podkl\u00ed\u010d 256-bit\u016f a je prov\u00e1d\u011bno 10000 iterac\u00ed<\/li>\n<li>Jako sou\u010d\u00e1st v\u0161ech autorizovan\u00fdch po\u017eadavk\u016f p\u0159i komunikaci se syst\u00e9mem pou\u017e\u00edv\u00e1me autorizaci pomoc\u00ed JWT token\u016f, kter\u00e9 p\u0159edstavuj\u00ed jeden z dnes nejlep\u0161\u00edch zp\u016fsob\u016f bezpe\u010dn\u00e9 v\u00fdm\u011bny dat.<\/li>\n<li>V\u0161echny doklady a dokumenty ulo\u017een\u00e9 v na\u0161em syst\u00e9mu jsou k dispozici pouze t\u011bm u\u017eivatel\u016fm, kte\u0159\u00ed ov\u011b\u0159\u00ed svou identitu a disponuj\u00ed pot\u0159ebn\u00fdmi p\u0159\u00edstupov\u00fdmi pr\u00e1vy.<\/li>\n<li>K Va\u0161im dat\u016fm, kter\u00e9 n\u00e1m sv\u011b\u0159\u00edte, m\u00e1te p\u0159\u00edstup pouze Vy a to za spln\u011bn\u00ed v\u00fd\u0161e uveden\u00fdch bezpe\u010dnostn\u00edch z\u00e1sad. D\u00edky tomu se k nim nikdo jin\u00fd nedostane.<\/li>\n<li>V\u011b\u0159\u00edme, \u017ee v\u00fd\u0161e uveden\u00e9 z\u00e1sady, kter\u00fdmi se p\u0159i v\u00fdvoji syst\u00e9mu \u0159\u00edd\u00edme a kter\u00e9 zde ve\u0159ejn\u011b deklarujeme V\u00e1m budou jednou z nejv\u011bt\u0161\u00edch n\u00e1mi poskytovan\u00fdch z\u00e1ruk bezpe\u010dnosti. D\u00edky na\u0161im z\u00e1ruk\u00e1m m\u016f\u017eete m\u00edt d\u016fv\u011bru v to, co a jak pro V\u00e1s d\u011bl\u00e1me.<\/li>\n<\/ul>\n<\/div><\/section><\/p><\/div><\/p>\n","protected":false},"excerpt":{"rendered":"","protected":false},"author":1,"featured_media":0,"parent":0,"menu_order":0,"comment_status":"closed","ping_status":"closed","template":"","meta":{"footnotes":""},"class_list":["post-1280","page","type-page","status-publish","hentry"],"_links":{"self":[{"href":"https:\/\/www.eloun.cz\/index.php?rest_route=\/wp\/v2\/pages\/1280","targetHints":{"allow":["GET"]}}],"collection":[{"href":"https:\/\/www.eloun.cz\/index.php?rest_route=\/wp\/v2\/pages"}],"about":[{"href":"https:\/\/www.eloun.cz\/index.php?rest_route=\/wp\/v2\/types\/page"}],"author":[{"embeddable":true,"href":"https:\/\/www.eloun.cz\/index.php?rest_route=\/wp\/v2\/users\/1"}],"replies":[{"embeddable":true,"href":"https:\/\/www.eloun.cz\/index.php?rest_route=%2Fwp%2Fv2%2Fcomments&post=1280"}],"version-history":[{"count":2,"href":"https:\/\/www.eloun.cz\/index.php?rest_route=\/wp\/v2\/pages\/1280\/revisions"}],"predecessor-version":[{"id":1307,"href":"https:\/\/www.eloun.cz\/index.php?rest_route=\/wp\/v2\/pages\/1280\/revisions\/1307"}],"wp:attachment":[{"href":"https:\/\/www.eloun.cz\/index.php?rest_route=%2Fwp%2Fv2%2Fmedia&parent=1280"}],"curies":[{"name":"wp","href":"https:\/\/api.w.org\/{rel}","templated":true}]}}