{"id":1282,"date":"2024-03-25T20:16:09","date_gmt":"2024-03-25T20:16:09","guid":{"rendered":"https:\/\/www.eloun.cz\/?page_id=1282"},"modified":"2024-03-25T20:55:59","modified_gmt":"2024-03-25T20:55:59","slug":"pravidla-pro-cookies","status":"publish","type":"page","link":"https:\/\/www.eloun.cz\/?page_id=1282","title":{"rendered":"Pravidla pro cookies"},"content":{"rendered":"<div  class='flex_column av-58wfsy-887419835ed62f6b471516fd48e55c71 av_one_fourth  avia-builder-el-0  el_before_av_three_fourth  avia-builder-el-first  first flex_column_div  '     ><div  class='avia-builder-widget-area clearfix  avia-builder-el-1  avia-builder-el-no-sibling '><section id=\"nav_menu-6\" class=\"widget clearfix widget_nav_menu\"><div class=\"menu-submenu2-container\"><ul id=\"menu-submenu2\" class=\"menu\"><li id=\"menu-item-1305\" class=\"menu-item menu-item-type-post_type menu-item-object-page menu-item-1305\"><a href=\"https:\/\/www.eloun.cz\/?page_id=1282\">Pravidla pro cookies<\/a><\/li>\n<li id=\"menu-item-1306\" class=\"menu-item menu-item-type-post_type menu-item-object-page menu-item-1306\"><a href=\"https:\/\/www.eloun.cz\/?page_id=1280\">Bezpe\u010dnostn\u00ed z\u00e1sady<\/a><\/li>\n<\/ul><\/div><span class=\"seperator extralight-border\"><\/span><\/section><\/div><\/div><div  class='flex_column av-9mlua-ccabf8b21cd4157629234c17437a7b40 av_three_fourth  avia-builder-el-2  el_after_av_one_fourth  avia-builder-el-last  flex_column_div  '     ><p>\n<style type=\"text\/css\" data-created_by=\"avia_inline_auto\" id=\"style-css-av-lu7e121y-059b35ff8a0c78bb538e9fd24249e157\">\n#top .av-special-heading.av-lu7e121y-059b35ff8a0c78bb538e9fd24249e157{\npadding-bottom:10px;\n}\nbody .av-special-heading.av-lu7e121y-059b35ff8a0c78bb538e9fd24249e157 .av-special-heading-tag .heading-char{\nfont-size:25px;\n}\n.av-special-heading.av-lu7e121y-059b35ff8a0c78bb538e9fd24249e157 .av-subheading{\nfont-size:15px;\n}\n<\/style>\n<div  class='av-special-heading av-lu7e121y-059b35ff8a0c78bb538e9fd24249e157 av-special-heading-h3 blockquote modern-quote  avia-builder-el-3  el_before_av_textblock  avia-builder-el-first '><h3 class='av-special-heading-tag'  itemprop=\"headline\"  >Pravidla pro cookies<\/h3><div class=\"special-heading-border\"><div class=\"special-heading-inner-border\"><\/div><\/div><\/div><br \/>\n<section  class='av_textblock_section av-lu7e1k96-5eec984c14538503c5ab6ff9bd44f74c '   itemscope=\"itemscope\" itemtype=\"https:\/\/schema.org\/CreativeWork\" ><div class='avia_textblock'  itemprop=\"text\" ><p>Na t\u011bchto webov\u00fdch str\u00e1nk\u00e1ch pou\u017e\u00edv\u00e1me soubory cookie, kter\u00e9 obsahuj\u00ed r\u016fzn\u00e9 informace. Takov\u00e9 informace jsou pro n\u00e1s d\u016fle\u017eit\u00e9, abychom pro V\u00e1s mohli na\u0161e slu\u017eby st\u00e1le zlep\u0161ovat a tak\u00e9 proto, abychom V\u00e1m n\u011bkter\u00e9 na\u0161e slu\u017eby mohli v\u016fbec zp\u0159\u00edstupnit, jako nap\u0159\u00edklad online technickou podporu. Tak\u00e9 se jedn\u00e1 o informace, slou\u017e\u00edc\u00ed k anal\u00fdze dat, abychom v\u011bd\u011bli, jakou m\u00e1me n\u00e1v\u0161t\u011bvnost na\u0161ich str\u00e1nek, jestli se k n\u00e1m na\u0161i z\u00e1kazn\u00edci vracej\u00ed, co je nejv\u00edce zaj\u00edm\u00e1 a podobn\u011b. Tyto informace n\u00e1m pom\u00e1haj\u00ed zlep\u0161ovat na\u0161e slu\u017eby a jsou poskytov\u00e1ny t\u0159et\u00ed stranou.<\/p>\n<\/div><\/section><\/p><\/div><\/p>\n","protected":false},"excerpt":{"rendered":"","protected":false},"author":1,"featured_media":0,"parent":0,"menu_order":0,"comment_status":"closed","ping_status":"closed","template":"","meta":{"footnotes":""},"class_list":["post-1282","page","type-page","status-publish","hentry"],"_links":{"self":[{"href":"https:\/\/www.eloun.cz\/index.php?rest_route=\/wp\/v2\/pages\/1282","targetHints":{"allow":["GET"]}}],"collection":[{"href":"https:\/\/www.eloun.cz\/index.php?rest_route=\/wp\/v2\/pages"}],"about":[{"href":"https:\/\/www.eloun.cz\/index.php?rest_route=\/wp\/v2\/types\/page"}],"author":[{"embeddable":true,"href":"https:\/\/www.eloun.cz\/index.php?rest_route=\/wp\/v2\/users\/1"}],"replies":[{"embeddable":true,"href":"https:\/\/www.eloun.cz\/index.php?rest_route=%2Fwp%2Fv2%2Fcomments&post=1282"}],"version-history":[{"count":2,"href":"https:\/\/www.eloun.cz\/index.php?rest_route=\/wp\/v2\/pages\/1282\/revisions"}],"predecessor-version":[{"id":1308,"href":"https:\/\/www.eloun.cz\/index.php?rest_route=\/wp\/v2\/pages\/1282\/revisions\/1308"}],"wp:attachment":[{"href":"https:\/\/www.eloun.cz\/index.php?rest_route=%2Fwp%2Fv2%2Fmedia&parent=1282"}],"curies":[{"name":"wp","href":"https:\/\/api.w.org\/{rel}","templated":true}]}}