{"id":330,"date":"2016-02-29T13:10:37","date_gmt":"2016-02-29T13:10:37","guid":{"rendered":"http:\/\/test.kriesi.at\/travel\/?page_id=2"},"modified":"2024-03-25T20:46:25","modified_gmt":"2024-03-25T20:46:25","slug":"welcome","status":"publish","type":"page","link":"https:\/\/www.eloun.cz\/","title":{"rendered":"Welcome"},"content":{"rendered":"<div id='full_slider_1'  class='avia-fullwidth-slider main_color avia-shadow   avia-builder-el-0  el_before_av_layout_row  avia-builder-el-first   container_wrap sidebar_right'  >\n<style type=\"text\/css\" data-created_by=\"avia_inline_auto\" id=\"style-css-av-d129ci-fbd603b76d2ce95cc219120969a112ef\">\n#top #wrap_all .avia-slideshow .av-slideshow-caption.av-d129ci-fbd603b76d2ce95cc219120969a112ef__0 .avia-caption-title{\nfont-size:40px;\n}\n<\/style>\n<div  class='avia-slideshow av-d129ci-fbd603b76d2ce95cc219120969a112ef avia-slideshow-featured av_slideshow_full avia-fade-slider av-slideshow-ui av-control-minimal av-slideshow-manual av-loop-once av-loop-manual-endless av-default-height-applied   avia-slideshow-1' data-slideshow-options=\"{&quot;animation&quot;:&quot;fade&quot;,&quot;autoplay&quot;:false,&quot;loop_autoplay&quot;:&quot;once&quot;,&quot;interval&quot;:6,&quot;loop_manual&quot;:&quot;manual-endless&quot;,&quot;autoplay_stopper&quot;:false,&quot;noNavigation&quot;:false,&quot;bg_slider&quot;:false,&quot;keep_padding&quot;:false,&quot;hoverpause&quot;:false,&quot;show_slide_delay&quot;:0}\"  itemprop=\"image\" itemscope=\"itemscope\" itemtype=\"https:\/\/schema.org\/ImageObject\" ><ul class='avia-slideshow-inner ' style='padding-bottom: 28.6666666667%;'><li  class='avia-slideshow-slide av-d129ci-fbd603b76d2ce95cc219120969a112ef__0  av-single-slide slide-1 slide-odd'><div data-rel='slideshow-1' class='avia-slide-wrap '   ><div class='av-slideshow-caption av-d129ci-fbd603b76d2ce95cc219120969a112ef__0 caption_fullwidth caption_center'><div class=\"container caption_container\"><div class=\"slideshow_caption\"><div class=\"slideshow_inner_caption\"><div class=\"slideshow_align_caption\"><h2 class='avia-caption-title '  itemprop=\"name\" >V\u00edtejte v na\u0161\u00ed podpo\u0159e<\/h2><\/div><\/div><\/div><\/div><\/div><img decoding=\"async\" fetchpriority=\"high\" class=\"wp-image-1126 avia-img-lazy-loading-not-1126\"  src=\"https:\/\/www.eloun.cz\/wp-content\/uploads\/2024\/03\/1514aeb5c2df605e81a230151e1902f93d0dd8b0-1500x430.png\" width=\"1500\" height=\"430\" title='1514aeb5c2df605e81a230151e1902f93d0dd8b0' alt=''  itemprop=\"thumbnailUrl\"   \/><\/div><\/li><\/ul><\/div><\/div>\n<div id='av-layout-grid-1'  class='av-layout-grid-container av-18ypei-385edcc5e52aaa494fa8f5ef306b40eb entry-content-wrapper main_color av-fixed-cells  avia-builder-el-1  el_after_av_slideshow_full  el_before_av_section  grid-row-not-first  container_wrap sidebar_right'  >\n\n<style type=\"text\/css\" data-created_by=\"avia_inline_auto\" id=\"style-css-av-cd3ua2-da30781e4ccadcf74aba6e4d98bb49b1\">\n.flex_cell.av-cd3ua2-da30781e4ccadcf74aba6e4d98bb49b1{\nvertical-align:top;\nbackground-color:#20ac96;\n}\n.responsive #top #wrap_all .flex_cell.av-cd3ua2-da30781e4ccadcf74aba6e4d98bb49b1{\npadding:9px 0px 0px 0px !important;\n}\n<\/style>\n<div class='flex_cell av-cd3ua2-da30781e4ccadcf74aba6e4d98bb49b1 av-gridrow-cell av_one_half no_margin  avia-builder-el-2  el_before_av_cell_one_half  avia-builder-el-first '  ><div class='flex_cell_inner'><\/div><\/div>\n<style type=\"text\/css\" data-created_by=\"avia_inline_auto\" id=\"style-css-av-c65y4y-cb6f7cf37facefb07478a9db4bb5099b\">\n.flex_cell.av-c65y4y-cb6f7cf37facefb07478a9db4bb5099b{\nvertical-align:top;\nbackground-color:#20ac96;\n}\n.responsive #top #wrap_all .flex_cell.av-c65y4y-cb6f7cf37facefb07478a9db4bb5099b{\npadding:9px 0px 0px 0px !important;\n}\n<\/style>\n<div class='flex_cell av-c65y4y-cb6f7cf37facefb07478a9db4bb5099b av-gridrow-cell av_one_half no_margin  avia-builder-el-3  el_after_av_cell_one_half  avia-builder-el-last '  ><div class='flex_cell_inner'><\/div><\/div>\n<\/div>\n<div id='av_section_1'  class='avia-section av-c276h6-79b56a7cff74ac000961d41e4fbad7f7 main_color avia-section-huge avia-no-border-styling  avia-builder-el-4  el_after_av_layout_row  avia-builder-el-last  avia-bg-style-scroll container_wrap sidebar_right'  ><div class='container av-section-cont-open' ><div class='template-page content  av-content-small alpha units'><div class='post-entry post-entry-type-page post-entry-330'><div class='entry-content-wrapper clearfix'>\n<div class='flex_column_table av-atsvwa-1673d47fb81f313ebb0eba1c23459939 sc-av_one_half av-equal-height-column-flextable'>\n<style type=\"text\/css\" data-created_by=\"avia_inline_auto\" id=\"style-css-av-atsvwa-1673d47fb81f313ebb0eba1c23459939\">\n#top .flex_column_table.av-equal-height-column-flextable.av-atsvwa-1673d47fb81f313ebb0eba1c23459939{\nmargin-top:-200px;\nmargin-bottom:0px;\n}\n.flex_column.av-atsvwa-1673d47fb81f313ebb0eba1c23459939{\nborder-radius:0px 0px 0px 0px;\npadding:40px 40px 40px 40px;\nbackground-color:#d6c97c;\n}\n<\/style>\n<div  class='flex_column av-atsvwa-1673d47fb81f313ebb0eba1c23459939 av_one_half  avia-builder-el-5  el_before_av_one_half  avia-builder-el-first  first no_margin flex_column_table_cell av-equal-height-column av-align-top  '     ><p>\n<style type=\"text\/css\" data-created_by=\"avia_inline_auto\" id=\"style-css-av-an157e-6a7cfa39f3c3b280b83f0a030b4fa54c\">\n.av_font_icon.av-an157e-6a7cfa39f3c3b280b83f0a030b4fa54c{\ncolor:#000000;\nborder-color:#000000;\n}\n.av_font_icon.av-an157e-6a7cfa39f3c3b280b83f0a030b4fa54c .av-icon-char{\nfont-size:60px;\nline-height:60px;\n}\n<\/style>\n<span  class='av_font_icon av-an157e-6a7cfa39f3c3b280b83f0a030b4fa54c avia_animate_when_visible av-icon-style- avia-icon-pos-center avia-icon-animate'><span class='av-icon-char' aria-hidden='true' data-av_icon='\ue851' data-av_iconfont='entypo-fontello' ><\/span><\/span><br \/>\n\n<style type=\"text\/css\" data-created_by=\"avia_inline_auto\" id=\"style-css-av-airjvu-3daaf196af2d77ebd294a3fa93f29e5c\">\n#top .hr.hr-invisible.av-airjvu-3daaf196af2d77ebd294a3fa93f29e5c{\nheight:20px;\n}\n<\/style>\n<div  class='hr av-airjvu-3daaf196af2d77ebd294a3fa93f29e5c hr-invisible  avia-builder-el-7  el_after_av_font_icon  el_before_av_textblock '><span class='hr-inner '><span class=\"hr-inner-style\"><\/span><\/span><\/div><br \/>\n\n<style type=\"text\/css\" data-created_by=\"avia_inline_auto\" id=\"style-css-av-aefjde-7edabd192ff9852408de596cf91bc297\">\n#top .av_textblock_section.av-aefjde-7edabd192ff9852408de596cf91bc297 .avia_textblock{\ncolor:#000000;\n}\n<\/style>\n<section  class='av_textblock_section av-aefjde-7edabd192ff9852408de596cf91bc297 '   itemscope=\"itemscope\" itemtype=\"https:\/\/schema.org\/CreativeWork\" ><div class='avia_textblock av_inherit_color'  itemprop=\"text\" ><h4 style=\"text-align: center;\">N\u00e1vody<\/h4>\n<p style=\"text-align: center;\">N\u00e1vody pro pr\u00e1ci se syst\u00e9mem Docare<\/p>\n<\/div><\/section><br \/>\n\n<style type=\"text\/css\" data-created_by=\"avia_inline_auto\" id=\"style-css-av-a5xeje-f4b0c012b8546583b30b6bcf6458b8c6\">\n#top .hr.hr-invisible.av-a5xeje-f4b0c012b8546583b30b6bcf6458b8c6{\nheight:8px;\n}\n<\/style>\n<div  class='hr av-a5xeje-f4b0c012b8546583b30b6bcf6458b8c6 hr-invisible  avia-builder-el-9  el_after_av_textblock  el_before_av_button '><span class='hr-inner '><span class=\"hr-inner-style\"><\/span><\/span><\/div><br \/>\n<div  class='avia-button-wrap av-a35sw2-488606d4387168c1221bb83f9eda2a41-wrap avia-button-center  avia-builder-el-10  el_after_av_hr  avia-builder-el-last '>\n<style type=\"text\/css\" data-created_by=\"avia_inline_auto\" id=\"style-css-av-a35sw2-488606d4387168c1221bb83f9eda2a41\">\n#top #wrap_all .avia-button.av-a35sw2-488606d4387168c1221bb83f9eda2a41{\nbackground-color:#20ac96;\nborder-color:#20ac96;\ncolor:#ffffff;\ntransition:all 0.4s ease-in-out;\n}\n<\/style>\n<a href='https:\/\/www.eloun.cz\/?page_id=1163'  class='avia-button av-a35sw2-488606d4387168c1221bb83f9eda2a41 avia-icon_select-no avia-size-medium avia-position-center'  ><span class='avia_iconbox_title' >V\u00edce informac\u00ed<\/span><\/a><\/div><\/p><\/div>\n<style type=\"text\/css\" data-created_by=\"avia_inline_auto\" id=\"style-css-av-9ur522-a6f44eebf24db4265a5b3bed2fc946f2\">\n#top .flex_column_table.av-equal-height-column-flextable.av-9ur522-a6f44eebf24db4265a5b3bed2fc946f2{\nmargin-top:-200px;\nmargin-bottom:0px;\n}\n.flex_column.av-9ur522-a6f44eebf24db4265a5b3bed2fc946f2{\nborder-radius:0px 0px 0px 0px;\npadding:40px 40px 40px 40px;\nbackground-color:#d6c97c;\n}\n<\/style>\n<div  class='flex_column av-9ur522-a6f44eebf24db4265a5b3bed2fc946f2 av_one_half  avia-builder-el-11  el_after_av_one_half  avia-builder-el-last  no_margin flex_column_table_cell av-equal-height-column av-align-top  '     ><p>\n<style type=\"text\/css\" data-created_by=\"avia_inline_auto\" id=\"style-css-av-9o0lkq-3af171b56f50258cdc20905a34985383\">\n.av_font_icon.av-9o0lkq-3af171b56f50258cdc20905a34985383{\ncolor:#000000;\nborder-color:#000000;\n}\n.av_font_icon.av-9o0lkq-3af171b56f50258cdc20905a34985383 .av-icon-char{\nfont-size:60px;\nline-height:60px;\n}\n<\/style>\n<span  class='av_font_icon av-9o0lkq-3af171b56f50258cdc20905a34985383 avia_animate_when_visible av-icon-style- avia-icon-pos-center avia-icon-animate'><span class='av-icon-char' aria-hidden='true' data-av_icon='\ue852' data-av_iconfont='entypo-fontello' ><\/span><\/span><br \/>\n\n<style type=\"text\/css\" data-created_by=\"avia_inline_auto\" id=\"style-css-av-9iq20a-5c9cd07c42aa296ddb42c16f12c0e9aa\">\n#top .hr.hr-invisible.av-9iq20a-5c9cd07c42aa296ddb42c16f12c0e9aa{\nheight:20px;\n}\n<\/style>\n<div  class='hr av-9iq20a-5c9cd07c42aa296ddb42c16f12c0e9aa hr-invisible  avia-builder-el-13  el_after_av_font_icon  el_before_av_textblock '><span class='hr-inner '><span class=\"hr-inner-style\"><\/span><\/span><\/div><br \/>\n\n<style type=\"text\/css\" data-created_by=\"avia_inline_auto\" id=\"style-css-av-9df63e-09d648572270295a4fadf1030a0ca45f\">\n#top .av_textblock_section.av-9df63e-09d648572270295a4fadf1030a0ca45f .avia_textblock{\ncolor:#000000;\n}\n<\/style>\n<section  class='av_textblock_section av-9df63e-09d648572270295a4fadf1030a0ca45f '   itemscope=\"itemscope\" itemtype=\"https:\/\/schema.org\/CreativeWork\" ><div class='avia_textblock av_inherit_color'  itemprop=\"text\" ><h4 style=\"text-align: center;\">V\u0161eobecn\u00e9<\/h4>\n<p style=\"text-align: center;\">Pravidla, syst\u00e9mov\u00e9 a dal\u0161\u00ed v\u0161eobecn\u00e9 informace<\/p>\n<\/div><\/section><br \/>\n\n<style type=\"text\/css\" data-created_by=\"avia_inline_auto\" id=\"style-css-av-wzf62-c5ca7ef781ca7a0042b6804b080b324b\">\n#top .hr.hr-invisible.av-wzf62-c5ca7ef781ca7a0042b6804b080b324b{\nheight:8px;\n}\n<\/style>\n<div  class='hr av-wzf62-c5ca7ef781ca7a0042b6804b080b324b hr-invisible  avia-builder-el-15  el_after_av_textblock  el_before_av_button '><span class='hr-inner '><span class=\"hr-inner-style\"><\/span><\/span><\/div><br \/>\n<div  class='avia-button-wrap av-93bjte-6e17c7394cc6cf28088302c0c2445767-wrap avia-button-center  avia-builder-el-16  el_after_av_hr  avia-builder-el-last '>\n<style type=\"text\/css\" data-created_by=\"avia_inline_auto\" id=\"style-css-av-93bjte-6e17c7394cc6cf28088302c0c2445767\">\n#top #wrap_all .avia-button.av-93bjte-6e17c7394cc6cf28088302c0c2445767{\nbackground-color:#20ac96;\nborder-color:#20ac96;\ncolor:#ffffff;\ntransition:all 0.4s ease-in-out;\n}\n<\/style>\n<a href='https:\/\/www.eloun.cz\/?page_id=1280'  class='avia-button av-93bjte-6e17c7394cc6cf28088302c0c2445767 avia-icon_select-no avia-size-medium avia-position-center'  ><span class='avia_iconbox_title' >V\u00edce informac\u00ed<\/span><\/a><\/div><\/p><\/div><\/div><!--close column table wrapper. Autoclose: 1 --><\/div><\/div><\/div><!-- close content main div --><\/div><\/div><div id='after_section_1'  class='main_color av_default_container_wrap container_wrap sidebar_right'  ><div class='container av-section-cont-open' ><div class='template-page content  av-content-small alpha units'><div class='post-entry post-entry-type-page post-entry-330'><div class='entry-content-wrapper clearfix'>\n","protected":false},"excerpt":{"rendered":"","protected":false},"author":1,"featured_media":0,"parent":0,"menu_order":0,"comment_status":"closed","ping_status":"open","template":"","meta":{"footnotes":""},"class_list":["post-330","page","type-page","status-publish","hentry"],"_links":{"self":[{"href":"https:\/\/www.eloun.cz\/index.php?rest_route=\/wp\/v2\/pages\/330","targetHints":{"allow":["GET"]}}],"collection":[{"href":"https:\/\/www.eloun.cz\/index.php?rest_route=\/wp\/v2\/pages"}],"about":[{"href":"https:\/\/www.eloun.cz\/index.php?rest_route=\/wp\/v2\/types\/page"}],"author":[{"embeddable":true,"href":"https:\/\/www.eloun.cz\/index.php?rest_route=\/wp\/v2\/users\/1"}],"replies":[{"embeddable":true,"href":"https:\/\/www.eloun.cz\/index.php?rest_route=%2Fwp%2Fv2%2Fcomments&post=330"}],"version-history":[{"count":17,"href":"https:\/\/www.eloun.cz\/index.php?rest_route=\/wp\/v2\/pages\/330\/revisions"}],"predecessor-version":[{"id":1304,"href":"https:\/\/www.eloun.cz\/index.php?rest_route=\/wp\/v2\/pages\/330\/revisions\/1304"}],"wp:attachment":[{"href":"https:\/\/www.eloun.cz\/index.php?rest_route=%2Fwp%2Fv2%2Fmedia&parent=330"}],"curies":[{"name":"wp","href":"https:\/\/api.w.org\/{rel}","templated":true}]}}